{"id":4114,"date":"2022-01-30T18:10:04","date_gmt":"2022-01-30T22:10:04","guid":{"rendered":"https:\/\/nathaliemagentastyle.ca\/?post_type=product&#038;p=4114"},"modified":"2022-01-30T18:31:18","modified_gmt":"2022-01-30T22:31:18","slug":"magenta-style-paper-enchantments","status":"publish","type":"product","link":"https:\/\/nathaliemagentastyle.ca\/fr_ca\/produit\/magenta-style-paper-enchantments\/","title":{"rendered":"Magenta Style Paper Enchantments"},"content":{"rendered":"<p><span style=\"color: #9c10ab;\"><em><strong>Magenta Style Paper Enchantments<\/strong> presents more than 70 projects that will inspire you. Twenty main projects offering various techniques are accompanied by a materials list and photographic step-by-step instructions, and the others appear in gallery sections in each of the four chapters.<\/em><\/span><br \/>\n<span style=\"color: #9c10ab;\"><em>Techniques include rubber stamping and coloring with a variety of media: embossing and debossing with ink; creating texture with Peel Off\u2019s stickers; making three-dimensional constructions; and decorating festive ornaments and other tabletop items.<\/em><\/span><br \/>\n<span style=\"color: #9c10ab;\"><em>Paperback, 128 pages, lots of illustrations, a glossary\u2026<\/em><\/span><br \/>\n<span style=\"color: #9c10ab;\"><em>St. Martin\u2019s Griffin, NY \u2013 copyright 2010<\/em><\/span><br \/>\n<span style=\"color: #9c10ab;\"><em>Dimensions: 8 \u00bd\u201d x 9 \u00bd\u201d x 3\/8\u201d<\/em><\/span><\/p>\n<p><span style=\"color: #20a89a;\"><strong><em>Magenta Style Paper Enchantments<\/em><\/strong> pr\u00e9sente plus de 70 projets qui vous inspireront. Vingt projets principaux proposant diverses techniques sont accompagn\u00e9s d&#8217;une liste de mat\u00e9riaux et d&#8217;instructions photographiques \u00e9tape par \u00e9tape, et les autres apparaissent dans les galeries de chacun des quatre chapitres.<\/span><br \/>\n<span style=\"color: #20a89a;\">Les techniques comprennent les tampons de caoutchouc et la coloration avec une vari\u00e9t\u00e9 de supports; embossage (gaufrage) et &#8220;d\u00e9bossage&#8221; \u00e0 chaud ; les autocollants Peel Off\u2019s ; des constructions tridimensionnelles ; d\u00e9corations d\u2019ornements festifs et d\u00e9cors de table.<\/span><br \/>\n<span style=\"color: #20a89a;\">Livre broch\u00e9, 128 pages, de nombreuses illustrations, un glossaire\u2026<\/span><br \/>\n<span style=\"color: #20a89a;\">St. Martin\u2019s Griffin, NY \u2013 copyright 2010<\/span><br \/>\n<span style=\"color: #20a89a;\">Dimensions : 8 \u00bd\u201d x 9 \u00bd\u201d x 3\/8\u201d<\/span><\/p>","protected":false},"excerpt":{"rendered":"<p><span style=\"color: #9c10ab;\"><em>Second book written by Nathalie M\u00e9tivier and Leslie Conron Carola, Magenta Style Paper Enchantments presents projects that will inspire you to play with color, texture, and embellishments. Send your name through the contact section of this site if you wish your copy to be signed by Nathalie.<\/em><\/span><br \/>\n<span style=\"color: #20a89a;\">Second livre co\u00e9crit par Nathalie M\u00e9tivier et Leslie Conron Carola, <em>Magenta Style Paper Enchantments <\/em>pr\u00e9sente plus de 70 projets qui vous inciteront \u00e0 jouer avec la couleur, la texture et les embellissements. Pour recevoir une copie sign\u00e9e par Nathalie, envoyez un message \u00e0 ce sujet par la section contact de ce site. <strong>Ce livre est en anglais seulement.<\/strong><\/span><\/p>\n<p>MSPM<\/p>\n<p><span style=\"color: #9c10ab;\"><em>ATTENTION this product is too heavy to allow the use of the promo code. Depending on your purchases, it is even possible that the price of sending the package is higher than the basic price. We will contact you if necessary for an addition to the invoice price, as the automatic system does not allow price variations.<\/em><\/span><br \/>\n<span style=\"color: #20a89a;\">ATTENTION ce produit est trop lourd pour permettre l&#8217;utilisation du code promo. Selon vos achats il est m\u00eame possible que le prix de l&#8217;envoi du paquet soit sup\u00e9rieur au prix de base. Nous vous contacterons le cas \u00e9ch\u00e9ant pour un ajout au prix de la facture, car le syst\u00e8me automatique ne permet pas de variantes de prix.<\/span><\/p>","protected":false},"featured_media":4104,"template":"","meta":{"_coblocks_attr":"","_coblocks_dimensions":"","_coblocks_responsive_height":"","_coblocks_accordion_ie_support":"","_kadence_starter_templates_imported_post":false,"_kad_post_transparent":"default","_kad_post_title":"","_kad_post_layout":"default","_kad_post_sidebar_id":"","_kad_post_content_style":"default","_kad_post_vertical_padding":"default","_kad_post_feature":"","_kad_post_feature_position":"","_kad_post_header":false,"_kad_post_footer":false,"_kad_post_classname":""},"product_brand":[],"product_cat":[85],"product_tag":[],"class_list":{"0":"post-4114","1":"product","2":"type-product","3":"status-publish","4":"has-post-thumbnail","6":"product_cat-publications","8":"first","9":"instock","10":"sale","11":"sold-individually","12":"shipping-taxable","13":"purchasable","14":"product-type-simple","15":"entry","16":"content-bg","17":"loop-entry"},"_links":{"self":[{"href":"https:\/\/nathaliemagentastyle.ca\/fr_ca\/wp-json\/wp\/v2\/product\/4114","targetHints":{"allow":["GET"]}}],"collection":[{"href":"https:\/\/nathaliemagentastyle.ca\/fr_ca\/wp-json\/wp\/v2\/product"}],"about":[{"href":"https:\/\/nathaliemagentastyle.ca\/fr_ca\/wp-json\/wp\/v2\/types\/product"}],"wp:featuredmedia":[{"embeddable":true,"href":"https:\/\/nathaliemagentastyle.ca\/fr_ca\/wp-json\/wp\/v2\/media\/4104"}],"wp:attachment":[{"href":"https:\/\/nathaliemagentastyle.ca\/fr_ca\/wp-json\/wp\/v2\/media?parent=4114"}],"wp:term":[{"taxonomy":"product_brand","embeddable":true,"href":"https:\/\/nathaliemagentastyle.ca\/fr_ca\/wp-json\/wp\/v2\/product_brand?post=4114"},{"taxonomy":"product_cat","embeddable":true,"href":"https:\/\/nathaliemagentastyle.ca\/fr_ca\/wp-json\/wp\/v2\/product_cat?post=4114"},{"taxonomy":"product_tag","embeddable":true,"href":"https:\/\/nathaliemagentastyle.ca\/fr_ca\/wp-json\/wp\/v2\/product_tag?post=4114"}],"curies":[{"name":"wp","href":"https:\/\/api.w.org\/{rel}","templated":true}]}}