{"id":4103,"date":"2022-01-30T17:39:15","date_gmt":"2022-01-30T21:39:15","guid":{"rendered":"https:\/\/nathaliemagentastyle.ca\/?post_type=product&#038;p=4103"},"modified":"2022-01-30T18:21:16","modified_gmt":"2022-01-30T22:21:16","slug":"magenta-style-paper-magic","status":"publish","type":"product","link":"https:\/\/nathaliemagentastyle.ca\/fr_ca\/produit\/magenta-style-paper-magic\/","title":{"rendered":"Magenta Style Paper Magic"},"content":{"rendered":"<p><span style=\"color: #9c10ab;\"><em>Stretch your imagination and creativity: add color, texture, dimension, and a little extra spice to your projects with this exciting book. Using rubber stamps, color pencils, markers, watercolors, stickers, luxurious papers and other embellishments you can create over 50 stunning projects for cards, invitations, frames, decorative boxes, album covers, ornaments, table d\u00e9cor and more.<\/em><\/span><br \/>\n<span style=\"color: #9c10ab;\"><em>Paperback, 128 pages, lots of illustrations, a glossary\u2026 <\/em><\/span><br \/>\n<span style=\"color: #9c10ab;\"><em>St. Martin\u2019s Griffin, NY \u2013 copyright 2007<\/em><\/span><br \/>\n<span style=\"color: #9c10ab;\"><em>Dimensions: 8 \u00bd\u201d x 9 \u00bd\u201d x 3\/8\u201d<\/em><\/span><\/p>\n<p><span style=\"color: #20a89a;\">D\u00e9veloppez votre imagination et votre cr\u00e9ativit\u00e9 : ajoutez de la couleur, de la texture, de la dimension et un peu de piquant suppl\u00e9mentaire \u00e0 vos projets avec ce livre passionnant. \u00c0 l&#8217;aide de tampons en caoutchouc, de crayons de couleur, de marqueurs, d&#8217;aquarelle, d&#8217;autocollants, de papiers magnifiques et d&#8217;autres embellissements, vous pouvez cr\u00e9er plus de 50 projets \u00e9poustouflants pour des cartes, invitations, cadres, bo\u00eetes d\u00e9coratives, couvertures d&#8217;album, ornements, d\u00e9cors de table et plus encore.<\/span><br \/>\n<span style=\"color: #20a89a;\">Livre broch\u00e9, 128 pages, de nombreuses illustrations, un glossaire\u2026<\/span><br \/>\n<span style=\"color: #20a89a;\">St. Martin\u2019s Griffin, NY \u2013 copyright 2007<\/span><br \/>\n<span style=\"color: #20a89a;\">Dimensions\u00a0: 8 \u00bd\u201d x 9 \u00bd\u201d x 3\/8\u201d<\/span><\/p>","protected":false},"excerpt":{"rendered":"<p><span style=\"color: #9c10ab;\"><em>Written by Nathalie M\u00e9tivier and Leslie Conron Carola, Magenta Style Paper Magic offers imaginative ideas and all the information you need to create fabulous paper craft projects. Send your name through the contact section if you wish it to be signed by Nathalie.<\/em><\/span><br \/>\n<span style=\"color: #20a89a;\">Co\u00e9crit par Nathalie M\u00e9tivier et Leslie Conron Carola, <em>Magenta Style Paper Magic<\/em> offre des id\u00e9es imaginatives et toutes les informations dont vous avez besoin pour cr\u00e9er de fabuleux projets d&#8217;artisanat en papier. Pour recevoir une copie sign\u00e9e par Nathalie, envoyez un message \u00e0 ce sujet par la section contact de ce site. <strong>Ce livre est en anglais seulement.<\/strong><\/span><\/p>\n<p>MSPM<\/p>\n<p><span style=\"color: #9c10ab;\"><em>ATTENTION this product is too heavy to allow the use of the promo code. Depending on your purchases, it is even possible that the price of sending the package is higher than the basic price. We will contact you if necessary for an addition to the invoice price, as the automatic system does not allow price variations.<\/em><\/span><br \/>\n<span style=\"color: #20a89a;\">ATTENTION ce produit est trop lourd pour permettre l&#8217;utilisation du code promo. Selon vos achats il est m\u00eame possible que le prix de l&#8217;envoi du paquet soit sup\u00e9rieur au prix de base. Nous vous contacterons le cas \u00e9ch\u00e9ant pour un ajout au prix de la facture, car le syst\u00e8me automatique ne permet pas de variantes de prix.<\/span><\/p>","protected":false},"featured_media":4109,"template":"","meta":{"_coblocks_attr":"","_coblocks_dimensions":"","_coblocks_responsive_height":"","_coblocks_accordion_ie_support":"","_kadence_starter_templates_imported_post":false,"_kad_post_transparent":"default","_kad_post_title":"","_kad_post_layout":"default","_kad_post_sidebar_id":"","_kad_post_content_style":"default","_kad_post_vertical_padding":"default","_kad_post_feature":"","_kad_post_feature_position":"","_kad_post_header":false,"_kad_post_footer":false,"_kad_post_classname":""},"product_brand":[],"product_cat":[85],"product_tag":[],"class_list":{"0":"post-4103","1":"product","2":"type-product","3":"status-publish","4":"has-post-thumbnail","6":"product_cat-publications","8":"first","9":"instock","10":"sale","11":"sold-individually","12":"shipping-taxable","13":"purchasable","14":"product-type-simple","15":"entry","16":"content-bg","17":"loop-entry"},"_links":{"self":[{"href":"https:\/\/nathaliemagentastyle.ca\/fr_ca\/wp-json\/wp\/v2\/product\/4103","targetHints":{"allow":["GET"]}}],"collection":[{"href":"https:\/\/nathaliemagentastyle.ca\/fr_ca\/wp-json\/wp\/v2\/product"}],"about":[{"href":"https:\/\/nathaliemagentastyle.ca\/fr_ca\/wp-json\/wp\/v2\/types\/product"}],"wp:featuredmedia":[{"embeddable":true,"href":"https:\/\/nathaliemagentastyle.ca\/fr_ca\/wp-json\/wp\/v2\/media\/4109"}],"wp:attachment":[{"href":"https:\/\/nathaliemagentastyle.ca\/fr_ca\/wp-json\/wp\/v2\/media?parent=4103"}],"wp:term":[{"taxonomy":"product_brand","embeddable":true,"href":"https:\/\/nathaliemagentastyle.ca\/fr_ca\/wp-json\/wp\/v2\/product_brand?post=4103"},{"taxonomy":"product_cat","embeddable":true,"href":"https:\/\/nathaliemagentastyle.ca\/fr_ca\/wp-json\/wp\/v2\/product_cat?post=4103"},{"taxonomy":"product_tag","embeddable":true,"href":"https:\/\/nathaliemagentastyle.ca\/fr_ca\/wp-json\/wp\/v2\/product_tag?post=4103"}],"curies":[{"name":"wp","href":"https:\/\/api.w.org\/{rel}","templated":true}]}}