{"id":3769,"date":"2022-01-25T11:58:47","date_gmt":"2022-01-25T15:58:47","guid":{"rendered":"https:\/\/nathaliemagentastyle.ca\/?post_type=product&#038;p=3769"},"modified":"2022-01-25T11:59:38","modified_gmt":"2022-01-25T15:59:38","slug":"small-glass-ornament-petit-ornement-en-verre-25","status":"publish","type":"product","link":"https:\/\/nathaliemagentastyle.ca\/fr_ca\/produit\/small-glass-ornament-petit-ornement-en-verre-25\/","title":{"rendered":"Small glass ornament  \/ Petit ornement en verre"},"content":{"rendered":"<p><span style=\"color: #9c10ab;\"><em>Hand decorated good quality clear glass Christmas ornament.<\/em><\/span><br \/>\n<span style=\"color: #9c10ab;\"><em>Colors applied inside it.<\/em><\/span><br \/>\n<span style=\"color: #9c10ab;\"><em>Ornament diameter : 2&#8243;<\/em><\/span><\/p>\n<p><span style=\"color: #20a89a;\">Ornement de No\u00ebl en verre transparent de bonne qualit\u00e9 d\u00e9cor\u00e9 \u00e0 la main.<\/span><br \/>\n<span style=\"color: #20a89a;\">Les couleurs sont appliqu\u00e9es par l\u2019int\u00e9rieur.<\/span><br \/>\n<span style=\"color: #20a89a;\">Diam\u00e8tre de l\u2019ornement : 2&#8243;<\/span><\/p>","protected":false},"excerpt":{"rendered":"<p><span style=\"color: #9c10ab;\"><em>Hand decorated Christmas ornament.<\/em><\/span><br \/>\n<span style=\"color: #20a89a;\">Ornement de No\u00ebl d\u00e9cor\u00e9 \u00e0 la main.<\/span><br \/>\n<strong>NMGOS025<\/strong><br \/>\n<span style=\"color: #9c10ab;\"><em><strong>ATTENTION<\/strong> this product requires special packaging which does not allow the use of the promo code. Depending on your purchases, it is even possible that the price of sending the package is higher than the base price. We will contact you if necessary for an addition to the invoice price, as the automatic system does not allow price variations.<\/em><\/span><br \/>\n<span style=\"color: #20a89a;\"><strong>ATTENTION<\/strong> ce produit demande un emballage sp\u00e9cial qui ne permet pas l&#8217;utilisation du code promo. Selon vos achats, il est m\u00eame possible que le prix de l&#8217;envoi du paquet soit sup\u00e9rieur au prix de base. Nous vous contacterons le cas \u00e9ch\u00e9ant pour un ajout au prix de la facture, car le syst\u00e8me automatique ne permet pas de variantes de prix.<\/span><\/p>","protected":false},"featured_media":3736,"template":"","meta":{"_coblocks_attr":"","_coblocks_dimensions":"","_coblocks_responsive_height":"","_coblocks_accordion_ie_support":"","_kadence_starter_templates_imported_post":false,"_kad_post_transparent":"default","_kad_post_title":"","_kad_post_layout":"default","_kad_post_sidebar_id":"","_kad_post_content_style":"default","_kad_post_vertical_padding":"default","_kad_post_feature":"","_kad_post_feature_position":"","_kad_post_header":false,"_kad_post_footer":false,"_kad_post_classname":""},"product_brand":[],"product_cat":[74,79,77],"product_tag":[],"class_list":{"0":"post-3769","1":"product","2":"type-product","3":"status-publish","4":"has-post-thumbnail","6":"product_cat-christmas-ornaments-ornements-de-noel","7":"product_cat-glass-ornaments-small-ornements-en-verre-petits","8":"product_cat-glass-ornaments-ornements-en-verre","10":"first","11":"instock","12":"sold-individually","13":"shipping-taxable","14":"purchasable","15":"product-type-simple","16":"entry","17":"content-bg","18":"loop-entry"},"_links":{"self":[{"href":"https:\/\/nathaliemagentastyle.ca\/fr_ca\/wp-json\/wp\/v2\/product\/3769","targetHints":{"allow":["GET"]}}],"collection":[{"href":"https:\/\/nathaliemagentastyle.ca\/fr_ca\/wp-json\/wp\/v2\/product"}],"about":[{"href":"https:\/\/nathaliemagentastyle.ca\/fr_ca\/wp-json\/wp\/v2\/types\/product"}],"wp:featuredmedia":[{"embeddable":true,"href":"https:\/\/nathaliemagentastyle.ca\/fr_ca\/wp-json\/wp\/v2\/media\/3736"}],"wp:attachment":[{"href":"https:\/\/nathaliemagentastyle.ca\/fr_ca\/wp-json\/wp\/v2\/media?parent=3769"}],"wp:term":[{"taxonomy":"product_brand","embeddable":true,"href":"https:\/\/nathaliemagentastyle.ca\/fr_ca\/wp-json\/wp\/v2\/product_brand?post=3769"},{"taxonomy":"product_cat","embeddable":true,"href":"https:\/\/nathaliemagentastyle.ca\/fr_ca\/wp-json\/wp\/v2\/product_cat?post=3769"},{"taxonomy":"product_tag","embeddable":true,"href":"https:\/\/nathaliemagentastyle.ca\/fr_ca\/wp-json\/wp\/v2\/product_tag?post=3769"}],"curies":[{"name":"wp","href":"https:\/\/api.w.org\/{rel}","templated":true}]}}