{"id":3556,"date":"2022-01-21T17:32:57","date_gmt":"2022-01-21T21:32:57","guid":{"rendered":"https:\/\/nathaliemagentastyle.ca\/?post_type=product&#038;p=3556"},"modified":"2022-01-21T17:36:09","modified_gmt":"2022-01-21T21:36:09","slug":"ornaments-in-box-ornements-en-boite-6","status":"publish","type":"product","link":"https:\/\/nathaliemagentastyle.ca\/fr_ca\/produit\/ornaments-in-box-ornements-en-boite-6\/","title":{"rendered":"Ornaments in box \/ Ornements en bo\u00eete"},"content":{"rendered":"<p><span style=\"color: #9c10ab;\"><em>Hand decorated opaque good quality glass Christmas ornaments.<\/em><\/span><br \/>\n<span style=\"color: #9c10ab;\"><em>Presented in their gift box also hand decorated. <\/em><\/span><br \/>\n<span style=\"color: #9c10ab;\"><em>The ribbons can slide in and out without having to untie them. <\/em><\/span><br \/>\n<span style=\"color: #9c10ab;\"><em>Box measurements : <\/em><em>4 \u00be&#8221; x 3&#8243; x 3&#8243;<\/em><\/span><br \/>\n<span style=\"color: #9c10ab;\"><em>Small ornament\u00a0: 1.7&#8243;<\/em><\/span><br \/>\n<span style=\"color: #9c10ab;\"><em>Large ornament\u00a0: 2.6&#8243;<\/em><\/span><\/p>\n<p><span style=\"color: #20a89a;\">Ornements de No\u00ebl en verre opaque de bonne qualit\u00e9 d\u00e9cor\u00e9s \u00e0 la main.<\/span><br \/>\n<span style=\"color: #20a89a;\">Pr\u00e9sent\u00e9s dans leur bo\u00eete cadeau assortie, elle aussi d\u00e9cor\u00e9e \u00e0 la main.<\/span><br \/>\n<span style=\"color: #20a89a;\">Les rubans peuvent se glisser et se remettre sans avoir \u00e0 les d\u00e9lier.<\/span><br \/>\n<span style=\"color: #20a89a;\">Mesures de la bo\u00eete\u00a0: 4 \u00be&#8221; x 3&#8243; x 3&#8243;<\/span><br \/>\n<span style=\"color: #20a89a;\">Diam\u00e8tre du petit ornement\u00a0: 1.7&#8243;<\/span><br \/>\n<span style=\"color: #20a89a;\">Diam\u00e8tre du grand ornement\u00a0:\u00a0 2.6&#8243;<\/span><\/p>","protected":false},"excerpt":{"rendered":"<p><span style=\"color: #9c10ab;\"><em>Set of 2 hand decorated Christmas ornaments, offered in their gift box.<\/em><\/span><br \/>\n<span style=\"color: #20a89a;\">Ensemble de 2 ornements de No\u00ebl d\u00e9cor\u00e9s \u00e0 la main et pr\u00e9sent\u00e9s dans leur bo\u00eete cadeau.<\/span><br \/>\n<strong>NMBO006<\/strong><br \/>\n<span style=\"color: #9c10ab;\"><em><strong>ATTENTION<\/strong> this product requires special packaging which does not allow the use of the promo code. Depending on your purchases, it is even possible that the price of sending the package is higher than the base price. We will contact you if necessary for an addition to the invoice price, as the automatic system does not allow price variations.<\/em><\/span><br \/>\n<span style=\"color: #20a89a;\"><strong>ATTENTION<\/strong> ce produit demande un emballage sp\u00e9cial qui ne permet pas l&#8217;utilisation du code promo. Selon vos achats, il est m\u00eame possible que le prix de l&#8217;envoi du paquet soit sup\u00e9rieur au prix de base. Nous vous contacterons le cas \u00e9ch\u00e9ant pour un ajout au prix de la facture, car le syst\u00e8me automatique ne permet pas de variantes de prix.<\/span><\/p>","protected":false},"featured_media":3509,"template":"","meta":{"_coblocks_attr":"","_coblocks_dimensions":"","_coblocks_responsive_height":"","_coblocks_accordion_ie_support":"","_kadence_starter_templates_imported_post":false,"_kad_post_transparent":"default","_kad_post_title":"","_kad_post_layout":"default","_kad_post_sidebar_id":"","_kad_post_content_style":"default","_kad_post_vertical_padding":"default","_kad_post_feature":"","_kad_post_feature_position":"","_kad_post_header":false,"_kad_post_footer":false,"_kad_post_classname":""},"product_brand":[],"product_cat":[75,74,84],"product_tag":[],"class_list":{"0":"post-3556","1":"product","2":"type-product","3":"status-publish","4":"has-post-thumbnail","6":"product_cat-boxed-ornaments-ornements-en-boites","7":"product_cat-christmas-ornaments-ornements-de-noel","8":"product_cat-ornaments-in-box-ornements-en-boite","10":"first","11":"instock","12":"sold-individually","13":"shipping-taxable","14":"purchasable","15":"product-type-simple","16":"entry","17":"content-bg","18":"loop-entry"},"_links":{"self":[{"href":"https:\/\/nathaliemagentastyle.ca\/fr_ca\/wp-json\/wp\/v2\/product\/3556","targetHints":{"allow":["GET"]}}],"collection":[{"href":"https:\/\/nathaliemagentastyle.ca\/fr_ca\/wp-json\/wp\/v2\/product"}],"about":[{"href":"https:\/\/nathaliemagentastyle.ca\/fr_ca\/wp-json\/wp\/v2\/types\/product"}],"wp:featuredmedia":[{"embeddable":true,"href":"https:\/\/nathaliemagentastyle.ca\/fr_ca\/wp-json\/wp\/v2\/media\/3509"}],"wp:attachment":[{"href":"https:\/\/nathaliemagentastyle.ca\/fr_ca\/wp-json\/wp\/v2\/media?parent=3556"}],"wp:term":[{"taxonomy":"product_brand","embeddable":true,"href":"https:\/\/nathaliemagentastyle.ca\/fr_ca\/wp-json\/wp\/v2\/product_brand?post=3556"},{"taxonomy":"product_cat","embeddable":true,"href":"https:\/\/nathaliemagentastyle.ca\/fr_ca\/wp-json\/wp\/v2\/product_cat?post=3556"},{"taxonomy":"product_tag","embeddable":true,"href":"https:\/\/nathaliemagentastyle.ca\/fr_ca\/wp-json\/wp\/v2\/product_tag?post=3556"}],"curies":[{"name":"wp","href":"https:\/\/api.w.org\/{rel}","templated":true}]}}