{"id":3485,"date":"2022-01-21T15:56:10","date_gmt":"2022-01-21T19:56:10","guid":{"rendered":"https:\/\/nathaliemagentastyle.ca\/?post_type=product&#038;p=3485"},"modified":"2022-01-21T16:00:13","modified_gmt":"2022-01-21T20:00:13","slug":"large-glittered-ornament-grand-ornement-paillete","status":"publish","type":"product","link":"https:\/\/nathaliemagentastyle.ca\/fr_ca\/produit\/large-glittered-ornament-grand-ornement-paillete\/","title":{"rendered":"Large glittered ornament \/ Grand ornement paillet\u00e9"},"content":{"rendered":"<p><span style=\"color: #9c10ab;\"><em>Hand decorated opaque good quality glass Christmas ornament.<\/em><\/span><br \/>\n<span style=\"color: #9c10ab;\"><em>Decorated with Peel Off\u2019s stickers and glitter glue.<\/em><\/span><br \/>\n<span style=\"color: #9c10ab;\"><em>Ornament\u00a0diameter : 2.6&#8243;<\/em><\/span><\/p>\n<p><span style=\"color: #20a89a;\">Ornement de No\u00ebl en verre opaque de bonne qualit\u00e9 d\u00e9cor\u00e9 \u00e0 la main.<\/span><br \/>\n<span style=\"color: #20a89a;\">D\u00e9cor\u00e9 d\u2019autocollants Peel Off\u2019s et de paillettes en colle.<\/span><br \/>\n<span style=\"color: #20a89a;\">Diam\u00e8tre de l\u2019ornement\u00a0: 2.6&#8243;<\/span><\/p>","protected":false},"excerpt":{"rendered":"<p><span style=\"color: #9c10ab;\"><em>Hand decorated Christmas ornament with glitters.<\/em><\/span><br \/>\n<span style=\"color: #20a89a;\">Ornement de No\u00ebl d\u00e9cor\u00e9 \u00e0 la main avec brillants.<\/span><br \/>\n<strong>NMCOL001<\/strong><br \/>\n<span style=\"color: #9c10ab;\"><em><strong>ATTENTION<\/strong> this product requires special packaging which does not allow the use of the promo code. Depending on your purchases, it is even possible that the price of sending the package is higher than the base price. We will contact you if necessary for an addition to the invoice price, as the automatic system does not allow price variations.<\/em><\/span><br \/>\n<span style=\"color: #20a89a;\"><strong>ATTENTION<\/strong> ce produit demande un emballage sp\u00e9cial qui ne permet pas l&#8217;utilisation du code promo. Selon vos achats, il est m\u00eame possible que le prix de l&#8217;envoi du paquet soit sup\u00e9rieur au prix de base. Nous vous contacterons le cas \u00e9ch\u00e9ant pour un ajout au prix de la facture, car le syst\u00e8me automatique ne permet pas de variantes de prix.<\/span><\/p>","protected":false},"featured_media":3486,"template":"","meta":{"_coblocks_attr":"","_coblocks_dimensions":"","_coblocks_responsive_height":"","_coblocks_accordion_ie_support":"","_kadence_starter_templates_imported_post":false,"_kad_post_transparent":"default","_kad_post_title":"","_kad_post_layout":"default","_kad_post_sidebar_id":"","_kad_post_content_style":"default","_kad_post_vertical_padding":"default","_kad_post_feature":"","_kad_post_feature_position":"","_kad_post_header":false,"_kad_post_footer":false,"_kad_post_classname":""},"product_brand":[],"product_cat":[74,80,76],"product_tag":[],"class_list":{"0":"post-3485","1":"product","2":"type-product","3":"status-publish","4":"has-post-thumbnail","6":"product_cat-christmas-ornaments-ornements-de-noel","7":"product_cat-glittered-ornaments-large-ornements-pailletes-grands","8":"product_cat-glittered-ornaments-ornements-pailletes","10":"first","11":"instock","12":"sold-individually","13":"shipping-taxable","14":"purchasable","15":"product-type-simple","16":"entry","17":"content-bg","18":"loop-entry"},"_links":{"self":[{"href":"https:\/\/nathaliemagentastyle.ca\/fr_ca\/wp-json\/wp\/v2\/product\/3485","targetHints":{"allow":["GET"]}}],"collection":[{"href":"https:\/\/nathaliemagentastyle.ca\/fr_ca\/wp-json\/wp\/v2\/product"}],"about":[{"href":"https:\/\/nathaliemagentastyle.ca\/fr_ca\/wp-json\/wp\/v2\/types\/product"}],"wp:featuredmedia":[{"embeddable":true,"href":"https:\/\/nathaliemagentastyle.ca\/fr_ca\/wp-json\/wp\/v2\/media\/3486"}],"wp:attachment":[{"href":"https:\/\/nathaliemagentastyle.ca\/fr_ca\/wp-json\/wp\/v2\/media?parent=3485"}],"wp:term":[{"taxonomy":"product_brand","embeddable":true,"href":"https:\/\/nathaliemagentastyle.ca\/fr_ca\/wp-json\/wp\/v2\/product_brand?post=3485"},{"taxonomy":"product_cat","embeddable":true,"href":"https:\/\/nathaliemagentastyle.ca\/fr_ca\/wp-json\/wp\/v2\/product_cat?post=3485"},{"taxonomy":"product_tag","embeddable":true,"href":"https:\/\/nathaliemagentastyle.ca\/fr_ca\/wp-json\/wp\/v2\/product_tag?post=3485"}],"curies":[{"name":"wp","href":"https:\/\/api.w.org\/{rel}","templated":true}]}}