{"id":3445,"date":"2022-01-20T22:38:22","date_gmt":"2022-01-21T02:38:22","guid":{"rendered":"https:\/\/nathaliemagentastyle.ca\/?post_type=product&#038;p=3445"},"modified":"2022-01-20T22:40:40","modified_gmt":"2022-01-21T02:40:40","slug":"small-wood-gift-box-petite-boite-cadeau-en-bois-7","status":"publish","type":"product","link":"https:\/\/nathaliemagentastyle.ca\/fr_ca\/produit\/small-wood-gift-box-petite-boite-cadeau-en-bois-7\/","title":{"rendered":"Small wood gift box \/ Petite bo\u00eete cadeau en bois"},"content":{"rendered":"<p><span style=\"color: #9c10ab;\"><em>Thin wood box hand painted and decorated with handmade paper flowers.<\/em><\/span><br \/>\n<span style=\"color: #9c10ab;\"><em>Small box measures <u>approximately<\/u>: diameter 2&#8243; \u2013 height 1 \u00bc&#8221; <\/em><\/span><\/p>\n<p><span style=\"color: #20a89a;\">Bo\u00eete de bois mince peinte \u00e0 la main et d\u00e9cor\u00e9e de fleurs de papier faites \u00e9galement \u00e0 la main.<\/span><br \/>\n<span style=\"color: #20a89a;\">Mesures <u>approximatives<\/u> de la petite bo\u00eete\u00a0: diam\u00e8tre 2&#8243;\u2013 hauteur 1 \u00bc&#8221;<\/span><\/p>","protected":false},"excerpt":{"rendered":"<p><span style=\"color: #9c10ab;\"><em>Small decorative box made of thin balsa type wood.<\/em><\/span><br \/>\n<span style=\"color: #20a89a;\">Petite bo\u00eete d\u00e9corative faite de bois fin de type balsa.<\/span><br \/>\n<strong>NMWB023<\/strong><br \/>\n<span style=\"color: #9c10ab;\"><em><strong>ATTENTION<\/strong> this product requires special packaging which does not allow the use of the promo code. Depending on your purchases, it is even possible that the price of sending the package is higher than the base price. We will contact you if necessary for an addition to the invoice price, as the automatic system does not allow price variations.<\/em><\/span><br \/>\n<span style=\"color: #20a89a;\"><strong>ATTENTION<\/strong> ce produit demande un emballage sp\u00e9cial qui ne permet pas l&#8217;utilisation du code promo. Selon vos achats, il est m\u00eame possible que le prix de l&#8217;envoi du paquet soit sup\u00e9rieur au prix de base. Nous vous contacterons le cas \u00e9ch\u00e9ant pour un ajout au prix de la facture, car le syst\u00e8me automatique ne permet pas de variantes de prix.<\/span><\/p>","protected":false},"featured_media":3415,"template":"","meta":{"_coblocks_attr":"","_coblocks_dimensions":"","_coblocks_responsive_height":"","_coblocks_accordion_ie_support":"","_kadence_starter_templates_imported_post":false,"_kad_post_transparent":"default","_kad_post_title":"","_kad_post_layout":"default","_kad_post_sidebar_id":"","_kad_post_content_style":"default","_kad_post_vertical_padding":"default","_kad_post_feature":"","_kad_post_feature_position":"","_kad_post_header":false,"_kad_post_footer":false,"_kad_post_classname":""},"product_brand":[],"product_cat":[72,73],"product_tag":[],"class_list":{"0":"post-3445","1":"product","2":"type-product","3":"status-publish","4":"has-post-thumbnail","6":"product_cat-decorative-gift-boxes-boites-cadeaux-decoratives","7":"product_cat-wood-gift-boxes-boites-cadeaux-en-bois","9":"first","10":"instock","11":"sold-individually","12":"shipping-taxable","13":"purchasable","14":"product-type-simple","15":"entry","16":"content-bg","17":"loop-entry"},"_links":{"self":[{"href":"https:\/\/nathaliemagentastyle.ca\/fr_ca\/wp-json\/wp\/v2\/product\/3445","targetHints":{"allow":["GET"]}}],"collection":[{"href":"https:\/\/nathaliemagentastyle.ca\/fr_ca\/wp-json\/wp\/v2\/product"}],"about":[{"href":"https:\/\/nathaliemagentastyle.ca\/fr_ca\/wp-json\/wp\/v2\/types\/product"}],"wp:featuredmedia":[{"embeddable":true,"href":"https:\/\/nathaliemagentastyle.ca\/fr_ca\/wp-json\/wp\/v2\/media\/3415"}],"wp:attachment":[{"href":"https:\/\/nathaliemagentastyle.ca\/fr_ca\/wp-json\/wp\/v2\/media?parent=3445"}],"wp:term":[{"taxonomy":"product_brand","embeddable":true,"href":"https:\/\/nathaliemagentastyle.ca\/fr_ca\/wp-json\/wp\/v2\/product_brand?post=3445"},{"taxonomy":"product_cat","embeddable":true,"href":"https:\/\/nathaliemagentastyle.ca\/fr_ca\/wp-json\/wp\/v2\/product_cat?post=3445"},{"taxonomy":"product_tag","embeddable":true,"href":"https:\/\/nathaliemagentastyle.ca\/fr_ca\/wp-json\/wp\/v2\/product_tag?post=3445"}],"curies":[{"name":"wp","href":"https:\/\/api.w.org\/{rel}","templated":true}]}}