{"id":3287,"date":"2022-01-20T16:02:17","date_gmt":"2022-01-20T20:02:17","guid":{"rendered":"https:\/\/nathaliemagentastyle.ca\/?post_type=product&#038;p=3287"},"modified":"2022-01-20T16:04:14","modified_gmt":"2022-01-20T20:04:14","slug":"boxed-cards-boites-de-cartes-3","status":"publish","type":"product","link":"https:\/\/nathaliemagentastyle.ca\/fr_ca\/produit\/boxed-cards-boites-de-cartes-3\/","title":{"rendered":"Boxed cards \/ Bo\u00eetes de cartes"},"content":{"rendered":"<p><span style=\"color: #9c10ab;\"><em>Hand decorated box, containing 6 greeting cards and envelopes.<\/em><\/span><br \/>\n<span style=\"color: #9c10ab;\"><em>All cards are unique pieces or are part of small series. Without text inside. Delicately decorated white envelope.<\/em><\/span><br \/>\n<span style=\"color: #9c10ab;\"><em>Each is hand signed on the back.<\/em><\/span><br \/>\n<span style=\"color: #9c10ab;\"><em>They are created from decorative stickers from the Canadian company Magenta, and decoupage.<\/em><\/span><br \/>\n<span style=\"color: #9c10ab;\"><em>As these cards are photographed, they may show slight color differences or distortion.<\/em><\/span><br \/>\n<span style=\"color: #9c10ab;\"><em>Box measures: 6&#8243; x 6&#8243; \u2013 height 1&#8243;<\/em><\/span><br \/>\n<span style=\"color: #9c10ab;\"><em>Card measures: 5 \u00bc&#8221; x 5 \u00bc&#8221; \u2013 envelopes 5 \u00bd&#8221; x 5 \u00bd&#8221;<\/em><\/span><\/p>\n<p><span style=\"color: #20a89a;\">Bo\u00eete d\u00e9cor\u00e9e \u00e0 la main, contenant 6 cartes de souhaits et enveloppes.<\/span><br \/>\n<span style=\"color: #20a89a;\">Toutes les cartes sont des pi\u00e8ces uniques ou font partie de petites s\u00e9ries. Sans texte \u00e0 l&#8217;int\u00e9rieur. Enveloppe blanche d\u00e9licatement d\u00e9cor\u00e9e.<\/span><br \/>\n<span style=\"color: #20a89a;\">Chacune est sign\u00e9e \u00e0 la main \u00e0 l&#8217;endos.<\/span><br \/>\n<span style=\"color: #20a89a;\">Elles sont cr\u00e9\u00e9es \u00e0 partir d&#8217;autocollants d\u00e9coratifs de la compagnie canadienne Magenta, et de d\u00e9coupage.<\/span><br \/>\n<span style=\"color: #20a89a;\">Ces cartes \u00e9tant prises en photo, elles peuvent pr\u00e9senter de l\u00e9g\u00e8res diff\u00e9rences de couleur ou distorsion.<\/span><br \/>\n<span style=\"color: #20a89a;\">Mesures de de la bo\u00eete\u00a0: 6&#8243; x 6&#8243; \u2013 hauteur 1&#8243;<\/span><br \/>\n<span style=\"color: #20a89a;\">Mesure des cartes\u00a0: <em>\u00a0<\/em>5 \u00bc&#8221; x 5 \u00bc&#8221; \u2013 enveloppes 5 \u00bd&#8221; x\u00a0 5 \u00bd&#8221;<\/span><\/p>","protected":false},"excerpt":{"rendered":"<p><span style=\"color: #9c10ab;\"><em>Box of 6 square greeting cards and envelopes.<\/em><\/span><br \/>\n<span style=\"color: #20a89a;\">Bo\u00eete de 6 cartes de souhaits et enveloppes carr\u00e9es.<\/span><br \/>\n<strong>NMCDC003<\/strong><br \/>\n<span style=\"color: #9c10ab;\"><em><strong>ATTENTION<\/strong> this product requires special packaging which does not allow the use of the promo code. Depending on your purchases, it is even possible that the price of sending the package is higher than the base price. We will contact you if necessary for an addition to the invoice price, as the automatic system does not allow price variations.<\/em><\/span><br \/>\n<span style=\"color: #20a89a;\"><strong>ATTENTION<\/strong> ce produit demande un emballage sp\u00e9cial qui ne permet pas l&#8217;utilisation du code promo. Selon vos achats, il est m\u00eame possible que le prix de l&#8217;envoi du paquet soit sup\u00e9rieur au prix de base. Nous vous contacterons le cas \u00e9ch\u00e9ant pour un ajout au prix de la facture, car le syst\u00e8me automatique ne permet pas de variantes de prix.<\/span><\/p>","protected":false},"featured_media":3272,"template":"","meta":{"_coblocks_attr":"","_coblocks_dimensions":"","_coblocks_responsive_height":"","_coblocks_accordion_ie_support":"","_kadence_starter_templates_imported_post":false,"_kad_post_transparent":"default","_kad_post_title":"","_kad_post_layout":"default","_kad_post_sidebar_id":"","_kad_post_content_style":"default","_kad_post_vertical_padding":"default","_kad_post_feature":"","_kad_post_feature_position":"","_kad_post_header":false,"_kad_post_footer":false,"_kad_post_classname":""},"product_brand":[],"product_cat":[71],"product_tag":[],"class_list":{"0":"post-3287","1":"product","2":"type-product","3":"status-publish","4":"has-post-thumbnail","6":"product_cat-greeting-cards-in-boxes-cartes-de-souhaits-en-boites","8":"first","9":"instock","10":"sold-individually","11":"shipping-taxable","12":"purchasable","13":"product-type-simple","14":"entry","15":"content-bg","16":"loop-entry"},"_links":{"self":[{"href":"https:\/\/nathaliemagentastyle.ca\/fr_ca\/wp-json\/wp\/v2\/product\/3287","targetHints":{"allow":["GET"]}}],"collection":[{"href":"https:\/\/nathaliemagentastyle.ca\/fr_ca\/wp-json\/wp\/v2\/product"}],"about":[{"href":"https:\/\/nathaliemagentastyle.ca\/fr_ca\/wp-json\/wp\/v2\/types\/product"}],"wp:featuredmedia":[{"embeddable":true,"href":"https:\/\/nathaliemagentastyle.ca\/fr_ca\/wp-json\/wp\/v2\/media\/3272"}],"wp:attachment":[{"href":"https:\/\/nathaliemagentastyle.ca\/fr_ca\/wp-json\/wp\/v2\/media?parent=3287"}],"wp:term":[{"taxonomy":"product_brand","embeddable":true,"href":"https:\/\/nathaliemagentastyle.ca\/fr_ca\/wp-json\/wp\/v2\/product_brand?post=3287"},{"taxonomy":"product_cat","embeddable":true,"href":"https:\/\/nathaliemagentastyle.ca\/fr_ca\/wp-json\/wp\/v2\/product_cat?post=3287"},{"taxonomy":"product_tag","embeddable":true,"href":"https:\/\/nathaliemagentastyle.ca\/fr_ca\/wp-json\/wp\/v2\/product_tag?post=3287"}],"curies":[{"name":"wp","href":"https:\/\/api.w.org\/{rel}","templated":true}]}}