{"id":2600,"date":"2021-09-16T13:43:16","date_gmt":"2021-09-16T17:43:16","guid":{"rendered":"https:\/\/nathaliemagentastyle.ca\/?post_type=product&#038;p=2600"},"modified":"2021-09-16T13:44:17","modified_gmt":"2021-09-16T17:44:17","slug":"3d-card-carte-3d-53","status":"publish","type":"product","link":"https:\/\/nathaliemagentastyle.ca\/fr_ca\/produit\/3d-card-carte-3d-53\/","title":{"rendered":"3D Card \/ Carte 3D"},"content":{"rendered":"<p><span style=\"color: #9c10ab;\"><em>All cards are unique pieces or are part of small series. Blank inside. White envelope.<\/em><\/span><br \/>\n<span style=\"color: #9c10ab;\"><em>Each is signed by hand at the back.<\/em><\/span><br \/>\n<span style=\"color: #9c10ab;\"><em>They are created from stamps and stencils, mainly products from the Canadian company Magenta rubberstamps, with a variety of coloring techniques.<\/em><\/span><br \/>\n<span style=\"color: #9c10ab;\"><em>All cards being scanned, it may happen that the colors are slightly different from the originals. <\/em><em>Also, these cards having relief they may show slight distortion on the scanned image.<\/em><\/span><br \/>\n<span style=\"color: #9c10ab;\"><em>Standard rectangular cards measure 4 \u00be&#8221; x 6 \u00bc&#8221; and their envelopes 5&#8243; x 6 \u00bd&#8221;<\/em><\/span><\/p>\n<p><span style=\"color: #20a89a;\">Toutes les cartes sont des pi\u00e8ces uniques ou font partie de petites s\u00e9ries. Sans texte \u00e0 l&#8217;int\u00e9rieur. Enveloppe blanche.<\/span><br \/>\n<span style=\"color: #20a89a;\">Chacune est sign\u00e9e \u00e0 la main \u00e0 l&#8217;endos.<\/span><br \/>\n<span style=\"color: #20a89a;\">Elles sont cr\u00e9\u00e9es \u00e0 partir d&#8217;\u00e9tampes et de pochoirs, essentiellement des produits de la compagnie canadienne Magenta. Et plusieurs techniques de mise en couleur.<\/span><br \/>\n<span style=\"color: #20a89a;\">Toutes les cartes \u00e9tant scann\u00e9es, il peut arriver que les couleurs soient l\u00e9g\u00e8rement diff\u00e9rentes des originaux. \u00c9galement, ces cartes ont du relief et peuvent pr\u00e9senter une l\u00e9g\u00e8re distorsion sur l\u2019image scann\u00e9e.<\/span><br \/>\n<span style=\"color: #20a89a;\">Les cartes rectangulaires standard mesurent 4 \u00be&#8221; x 6 \u00bc&#8221; et leurs enveloppes 5&#8243; x 6 \u00bd&#8221;<\/span><\/p>","protected":false},"excerpt":{"rendered":"<p><span style=\"color: #9c10ab;\"><em>All occasion blank greeting card decorated with hand shaped paper flowers.<\/em><\/span><br \/>\n<span style=\"color: #20a89a;\">Carte de souhaits toutes occasions sans texte d\u00e9cor\u00e9es de fleurs de papier fa\u00e7onn\u00e9es \u00e0 la main.<\/span><br \/>\n<strong>NMFR040<\/strong><br \/>\n<span style=\"color: #9c10ab;\"><em><strong>ATTENTION<\/strong> this product requires special packaging which does not allow the use of the promo code. Depending on your purchases, it is even possible that the price of sending the package is higher than the base price. We will contact you if necessary for an addition to the invoice price, as the automatic system does not allow price variations.<\/em><\/span><br \/>\n<span style=\"color: #20a89a;\"><strong>ATTENTION<\/strong> ce produit demande un emballage sp\u00e9cial qui ne permet pas l&#8217;utilisation du code promo. Selon vos achats, il est m\u00eame possible que le prix de l&#8217;envoi du paquet soit sup\u00e9rieur au prix de base. Nous vous contacterons le cas \u00e9ch\u00e9ant pour un ajout au prix de la facture, car le syst\u00e8me automatique ne permet pas de variantes de prix.<\/span><\/p>","protected":false},"featured_media":2589,"template":"","meta":{"_coblocks_attr":"","_coblocks_dimensions":"","_coblocks_responsive_height":"","_coblocks_accordion_ie_support":"","_kadence_starter_templates_imported_post":false,"_kad_post_transparent":"default","_kad_post_title":"","_kad_post_layout":"default","_kad_post_sidebar_id":"","_kad_post_content_style":"default","_kad_post_vertical_padding":"default","_kad_post_feature":"","_kad_post_feature_position":"","_kad_post_header":false,"_kad_post_footer":false,"_kad_post_classname":""},"product_brand":[],"product_cat":[65,64],"product_tag":[],"class_list":{"0":"post-2600","1":"product","2":"type-product","3":"status-publish","4":"has-post-thumbnail","6":"product_cat-all-occasion-3d-toutes-occasions-3d","7":"product_cat-greeting-cards-3d-cartes-de-souhaits-3d","9":"first","10":"instock","11":"sold-individually","12":"shipping-taxable","13":"purchasable","14":"product-type-simple","15":"entry","16":"content-bg","17":"loop-entry"},"_links":{"self":[{"href":"https:\/\/nathaliemagentastyle.ca\/fr_ca\/wp-json\/wp\/v2\/product\/2600","targetHints":{"allow":["GET"]}}],"collection":[{"href":"https:\/\/nathaliemagentastyle.ca\/fr_ca\/wp-json\/wp\/v2\/product"}],"about":[{"href":"https:\/\/nathaliemagentastyle.ca\/fr_ca\/wp-json\/wp\/v2\/types\/product"}],"wp:featuredmedia":[{"embeddable":true,"href":"https:\/\/nathaliemagentastyle.ca\/fr_ca\/wp-json\/wp\/v2\/media\/2589"}],"wp:attachment":[{"href":"https:\/\/nathaliemagentastyle.ca\/fr_ca\/wp-json\/wp\/v2\/media?parent=2600"}],"wp:term":[{"taxonomy":"product_brand","embeddable":true,"href":"https:\/\/nathaliemagentastyle.ca\/fr_ca\/wp-json\/wp\/v2\/product_brand?post=2600"},{"taxonomy":"product_cat","embeddable":true,"href":"https:\/\/nathaliemagentastyle.ca\/fr_ca\/wp-json\/wp\/v2\/product_cat?post=2600"},{"taxonomy":"product_tag","embeddable":true,"href":"https:\/\/nathaliemagentastyle.ca\/fr_ca\/wp-json\/wp\/v2\/product_tag?post=2600"}],"curies":[{"name":"wp","href":"https:\/\/api.w.org\/{rel}","templated":true}]}}