{"id":2537,"date":"2021-07-07T20:57:38","date_gmt":"2021-07-08T00:57:38","guid":{"rendered":"https:\/\/nathaliemagentastyle.ca\/?post_type=product&#038;p=2537"},"modified":"2021-07-07T21:21:42","modified_gmt":"2021-07-08T01:21:42","slug":"stair-step-card-carte-escalier","status":"publish","type":"product","link":"https:\/\/nathaliemagentastyle.ca\/fr_ca\/produit\/stair-step-card-carte-escalier\/","title":{"rendered":"Carte escalier &#8220;Joyeux Temps des F\u00eates!&#8221;"},"content":{"rendered":"<p><span style=\"color: #9c10ab;\"><em>All cards are part of small series. Blank inside. Beige envelope. Each is signed by hand.<\/em><\/span><br \/>\n<span style=\"color: #9c10ab;\"><em>They are created from stamps, stencils, die-cut paper and chipboards, mainly products from the Canadian company Magenta rubberstamps, with a variety of coloring techniques.<\/em><\/span><br \/>\n<span style=\"color: #9c10ab;\"><em>It may happen that the colors are slightly different from the originals and pictures may show slight distortion.<\/em><\/span><br \/>\n<span style=\"color: #9c10ab;\"><em>Approx. measures: 7 \u00bc&#8221; x 8 \u00bd&#8221; and their envelopes 7 \u00bd&#8221; x 10 \u00bd&#8221;<\/em><\/span><\/p>\n<p><span style=\"color: #20a89a;\">Toutes ces cartes font partie de petites s\u00e9ries. Sans texte \u00e0 l&#8217;int\u00e9rieur. Enveloppe beige. Chacune est sign\u00e9e \u00e0 la main.<\/span><br \/>\n<span style=\"color: #20a89a;\">Elles sont cr\u00e9\u00e9es \u00e0 partir d&#8217;\u00e9tampes, de pochoirs, de d\u00e9coupes de papier et carton agglom\u00e9r\u00e9, essentiellement des produits de la compagnie canadienne Magenta. Et plusieurs techniques de mise en couleur.<\/span><br \/>\n<span style=\"color: #20a89a;\">Il peut arriver que les couleurs soient l\u00e9g\u00e8rement diff\u00e9rentes des originaux et que les photos pr\u00e9sentent une l\u00e9g\u00e8re distorsion de l\u2019image.<\/span><br \/>\n<span style=\"color: #20a89a;\">Mesures approx.\u00a0: 7 \u00bc&#8221; x 8 \u00bd&#8221; et leurs enveloppes 7 \u00bd&#8221;&#8221; x 10 \u00bd&#8221;<\/span><\/p>","protected":false},"excerpt":{"rendered":"<p><span style=\"color: #9c10ab;\"><em>Stair-step Christmas greeting card decorated with stamps, stencils, chipboards and die-cut papers. A nice Christmas decor to offer or to put on the mantelpiece.<\/em><\/span><br \/>\n<span style=\"color: #20a89a;\">Carte escalier de No\u00ebl d\u00e9cor\u00e9e d\u2019\u00e9tampes, pochoirs, carton agglom\u00e9r\u00e9 et d\u00e9coupes de papier. Un joli d\u00e9cor de No\u00ebl \u00e0 offrir ou \u00e0 mettre sur la chemin\u00e9e.<\/span><br \/>\n<strong>NMCEN001<\/strong><br \/>\n<span style=\"color: #9c10ab;\"><strong><em>Promo code 956G3MYE<\/em><\/strong><em>\u00a0if your order is less than $ 30, copy this code into your \u201cbasket\u201d page to pay less on shipping.<\/em><\/span><br \/>\n<span style=\"color: #20a89a;\"><strong>Code promo 956G3MYE<\/strong>\u00a0si votre commande est de moins de 30$, copiez ce code dans votre page \u00ab\u00a0panier\u00a0\u00bb pour payer moins cher de frais d\u2019envois.<\/span><\/p>","protected":false},"featured_media":2538,"template":"","meta":{"_coblocks_attr":"","_coblocks_dimensions":"","_coblocks_responsive_height":"","_coblocks_accordion_ie_support":"","_kadence_starter_templates_imported_post":false,"_kad_post_transparent":"default","_kad_post_title":"","_kad_post_layout":"default","_kad_post_sidebar_id":"","_kad_post_content_style":"default","_kad_post_vertical_padding":"default","_kad_post_feature":"","_kad_post_feature_position":"","_kad_post_header":false,"_kad_post_footer":false,"_kad_post_classname":""},"product_brand":[],"product_cat":[64,67],"product_tag":[],"class_list":{"0":"post-2537","1":"product","2":"type-product","3":"status-publish","4":"has-post-thumbnail","6":"product_cat-greeting-cards-3d-cartes-de-souhaits-3d","7":"product_cat-stair-step-card-carte-escalier","9":"first","10":"instock","11":"sold-individually","12":"shipping-taxable","13":"purchasable","14":"product-type-simple","15":"entry","16":"content-bg","17":"loop-entry"},"_links":{"self":[{"href":"https:\/\/nathaliemagentastyle.ca\/fr_ca\/wp-json\/wp\/v2\/product\/2537","targetHints":{"allow":["GET"]}}],"collection":[{"href":"https:\/\/nathaliemagentastyle.ca\/fr_ca\/wp-json\/wp\/v2\/product"}],"about":[{"href":"https:\/\/nathaliemagentastyle.ca\/fr_ca\/wp-json\/wp\/v2\/types\/product"}],"wp:featuredmedia":[{"embeddable":true,"href":"https:\/\/nathaliemagentastyle.ca\/fr_ca\/wp-json\/wp\/v2\/media\/2538"}],"wp:attachment":[{"href":"https:\/\/nathaliemagentastyle.ca\/fr_ca\/wp-json\/wp\/v2\/media?parent=2537"}],"wp:term":[{"taxonomy":"product_brand","embeddable":true,"href":"https:\/\/nathaliemagentastyle.ca\/fr_ca\/wp-json\/wp\/v2\/product_brand?post=2537"},{"taxonomy":"product_cat","embeddable":true,"href":"https:\/\/nathaliemagentastyle.ca\/fr_ca\/wp-json\/wp\/v2\/product_cat?post=2537"},{"taxonomy":"product_tag","embeddable":true,"href":"https:\/\/nathaliemagentastyle.ca\/fr_ca\/wp-json\/wp\/v2\/product_tag?post=2537"}],"curies":[{"name":"wp","href":"https:\/\/api.w.org\/{rel}","templated":true}]}}