{"id":2388,"date":"2021-06-14T17:23:49","date_gmt":"2021-06-14T21:23:49","guid":{"rendered":"https:\/\/nathaliemagentastyle.ca\/?post_type=product&#038;p=2388"},"modified":"2021-06-15T11:05:29","modified_gmt":"2021-06-15T15:05:29","slug":"original-drawing-dessin-original-17","status":"publish","type":"product","link":"https:\/\/nathaliemagentastyle.ca\/fr_ca\/produit\/original-drawing-dessin-original-17\/","title":{"rendered":"Original drawing \/ Dessin original"},"content":{"rendered":"<p><span style=\"color: #9c10ab;\"><em>Original drawing enhanced with various techniques: watercolor, pencils, markers, stamps, stencils, etc.<\/em><\/span><br \/>\n<span style=\"color: #9c10ab;\"><em>Signed on the drawing and back of the cardboard.<\/em><\/span><br \/>\n<span style=\"color: #9c10ab;\"><em>The forbidden reproduction mark is not on the original for sale.<\/em><\/span><br \/>\n<span style=\"color: #9c10ab;\"><em>The drawing is made on watercolor cardstock measuring 6&#8243; x 8&#8243;.<\/em><\/span><br \/>\n<span style=\"color: #9c10ab;\"><em>Stuck on a framing cardboard measuring 8&#8243; x 10&#8243;.<\/em><\/span><br \/>\n<span style=\"color: #9c10ab;\"><em>Ready to frame in a standard size frame (not included).<\/em><\/span><\/p>\n<p><span style=\"color: #20a8a9;\">Dessin original d\u00e9cor\u00e9 de techniques vari\u00e9es\u00a0: aquarelle, crayons, marqueurs, \u00e9tampes, pochoirs, etc.<\/span><br \/>\n<span style=\"color: #20a8a9;\">Sign\u00e9 sur le dessin et \u00e0 l\u2019endos du carton.<\/span><br \/>\n<span style=\"color: #20a8a9;\">La marque de reproduction interdite n\u2019est pas sur l\u2019original \u00e0 vendre.<\/span><br \/>\n<span style=\"color: #20a8a9;\">L\u2019\u0153uvre est faite sur papier aquarelle mesurant 6&#8243; x 8&#8243;.<\/span><br \/>\n<span style=\"color: #20a8a9;\">Coll\u00e9e sur un carton d\u2019encadrement mesurant 8&#8243; x 10&#8243;.<\/span><br \/>\n<span style=\"color: #20a8a9;\">Pr\u00eat \u00e0 encadrer dans un cadre standard (non compris).<\/span><\/p>","protected":false},"excerpt":{"rendered":"<p><span style=\"color: #9c10ab;\"><em>Original drawing with various techniques.<\/em><\/span><br \/>\n<span style=\"color: #20a89a;\">Dessin original aux techniques vari\u00e9es.<\/span><br \/>\n<strong>NMDO017<\/strong><br \/>\n<span style=\"color: #9c10ab;\"><strong><em>Promo code 956G3MYE<\/em><\/strong><em> if your order is $30 or less, copy this code into your &#8220;shopping cart&#8221; page to pay less on shipping.<\/em><\/span><br \/>\n<span style=\"color: #20a89a;\"><strong>Code promo 956G3MYE <\/strong>si votre commande est de 30$ ou moins, copiez ce code dans votre page \u00ab\u00a0panier\u00a0\u00bb pour payer moins cher de frais d\u2019envois.<\/span><\/p>","protected":false},"featured_media":2383,"template":"","meta":{"_coblocks_attr":"","_coblocks_dimensions":"","_coblocks_responsive_height":"","_coblocks_accordion_ie_support":"","_kadence_starter_templates_imported_post":false,"_kad_post_transparent":"default","_kad_post_title":"","_kad_post_layout":"default","_kad_post_sidebar_id":"","_kad_post_content_style":"default","_kad_post_vertical_padding":"default","_kad_post_feature":"","_kad_post_feature_position":"","_kad_post_header":false,"_kad_post_footer":false,"_kad_post_classname":""},"product_brand":[],"product_cat":[62,61],"product_tag":[],"class_list":{"0":"post-2388","1":"product","2":"type-product","3":"status-publish","4":"has-post-thumbnail","6":"product_cat-my-fairy-friends-mes-amies-fees","7":"product_cat-original-artworks-oeuvres-originales","9":"first","10":"instock","11":"sold-individually","12":"shipping-taxable","13":"purchasable","14":"product-type-simple","15":"entry","16":"content-bg","17":"loop-entry"},"_links":{"self":[{"href":"https:\/\/nathaliemagentastyle.ca\/fr_ca\/wp-json\/wp\/v2\/product\/2388","targetHints":{"allow":["GET"]}}],"collection":[{"href":"https:\/\/nathaliemagentastyle.ca\/fr_ca\/wp-json\/wp\/v2\/product"}],"about":[{"href":"https:\/\/nathaliemagentastyle.ca\/fr_ca\/wp-json\/wp\/v2\/types\/product"}],"wp:featuredmedia":[{"embeddable":true,"href":"https:\/\/nathaliemagentastyle.ca\/fr_ca\/wp-json\/wp\/v2\/media\/2383"}],"wp:attachment":[{"href":"https:\/\/nathaliemagentastyle.ca\/fr_ca\/wp-json\/wp\/v2\/media?parent=2388"}],"wp:term":[{"taxonomy":"product_brand","embeddable":true,"href":"https:\/\/nathaliemagentastyle.ca\/fr_ca\/wp-json\/wp\/v2\/product_brand?post=2388"},{"taxonomy":"product_cat","embeddable":true,"href":"https:\/\/nathaliemagentastyle.ca\/fr_ca\/wp-json\/wp\/v2\/product_cat?post=2388"},{"taxonomy":"product_tag","embeddable":true,"href":"https:\/\/nathaliemagentastyle.ca\/fr_ca\/wp-json\/wp\/v2\/product_tag?post=2388"}],"curies":[{"name":"wp","href":"https:\/\/api.w.org\/{rel}","templated":true}]}}