{"id":2210,"date":"2021-06-14T11:30:24","date_gmt":"2021-06-14T15:30:24","guid":{"rendered":"https:\/\/nathaliemagentastyle.ca\/?post_type=product&#038;p=2210"},"modified":"2021-06-14T11:35:19","modified_gmt":"2021-06-14T15:35:19","slug":"acrylic-magnets-1x1-aimants-en-acrylique-1x1","status":"publish","type":"product","link":"https:\/\/nathaliemagentastyle.ca\/fr_ca\/produit\/acrylic-magnets-1x1-aimants-en-acrylique-1x1\/","title":{"rendered":"Acrylic magnets 1&#215;1 \/ Aimants en acrylique 1&#215;1"},"content":{"rendered":"<p><span style=\"color: #9c10ab;\"><em>Small acrylic pieces decorated with inks and stamps, mounted on a magnet.<\/em><\/span><br \/>\n<span style=\"color: #9c10ab;\"><em>To enhance fridge, metallic file cabinets or notice boards, or any magnetic or metallic surface.<\/em><\/span><br \/>\n<span style=\"color: #9c10ab;\"><em>Measures each : 1&#8243; x 1&#8243; <\/em><\/span><\/p>\n<p><span style=\"color: #20a89a;\">Petites pi\u00e8ces d\u2019acrylique d\u00e9cor\u00e9es d\u2019encre et d\u2019\u00e9tampes mont\u00e9es sur un aimant.<\/span><br \/>\n<span style=\"color: #20a89a;\">Pour \u00e9gailler le frigidaire, vos classeurs au bureau, un tableau d\u2019affichage ou toute autre surface magn\u00e9tique ou m\u00e9tallique.<\/span><br \/>\n<span style=\"color: #20a89a;\">Mesures de chacun : 1&#8243; x 1&#8243;<\/span><\/p>","protected":false},"excerpt":{"rendered":"<p><span style=\"color: #9c10ab;\"><em>Set of 6 decorative acrylic magnets.<\/em><\/span><br \/>\n<span style=\"color: #20a89a;\">Ensemble de 6 aimants d\u00e9coratifs en acrylique.<\/span><br \/>\n<strong>NMAA1.001<\/strong><br \/>\n<span style=\"color: #9c10ab;\"><em>ATTENTION this product is too heavy to allow the use of the promo code. Depending on your purchases, it is even possible that the price of sending the package is higher than the base price. We will contact you if necessary for an addition to the invoice price, as the automatic system does not allow price variations.<\/em><\/span><br \/>\n<span style=\"color: #20a89a;\">ATTENTION ce produit est trop lourd pour permettre l&#8217;utilisation du code promo. Selon vos achats, il est m\u00eame possible que le prix de l&#8217;envoi du paquet soit sup\u00e9rieur au prix de base. Nous vous contacterons le cas \u00e9ch\u00e9ant pour un ajout au prix de la facture, car le syst\u00e8me automatique ne permet pas de variantes de prix.<\/span><\/p>","protected":false},"featured_media":2211,"template":"","meta":{"_coblocks_attr":"","_coblocks_dimensions":"","_coblocks_responsive_height":"","_coblocks_accordion_ie_support":"","_kadence_starter_templates_imported_post":false,"_kad_post_transparent":"default","_kad_post_title":"","_kad_post_layout":"default","_kad_post_sidebar_id":"","_kad_post_content_style":"default","_kad_post_vertical_padding":"default","_kad_post_feature":"","_kad_post_feature_position":"","_kad_post_header":false,"_kad_post_footer":false,"_kad_post_classname":""},"product_brand":[],"product_cat":[59,57],"product_tag":[],"class_list":{"0":"post-2210","1":"product","2":"type-product","3":"status-publish","4":"has-post-thumbnail","6":"product_cat-acrylic-magnets-aimants-en-acrylique","7":"product_cat-decorative-gifts-and-accessories-cadeaux-et-accessoires-decoratifs","9":"first","10":"instock","11":"sold-individually","12":"shipping-taxable","13":"purchasable","14":"product-type-simple","15":"entry","16":"content-bg","17":"loop-entry"},"_links":{"self":[{"href":"https:\/\/nathaliemagentastyle.ca\/fr_ca\/wp-json\/wp\/v2\/product\/2210","targetHints":{"allow":["GET"]}}],"collection":[{"href":"https:\/\/nathaliemagentastyle.ca\/fr_ca\/wp-json\/wp\/v2\/product"}],"about":[{"href":"https:\/\/nathaliemagentastyle.ca\/fr_ca\/wp-json\/wp\/v2\/types\/product"}],"wp:featuredmedia":[{"embeddable":true,"href":"https:\/\/nathaliemagentastyle.ca\/fr_ca\/wp-json\/wp\/v2\/media\/2211"}],"wp:attachment":[{"href":"https:\/\/nathaliemagentastyle.ca\/fr_ca\/wp-json\/wp\/v2\/media?parent=2210"}],"wp:term":[{"taxonomy":"product_brand","embeddable":true,"href":"https:\/\/nathaliemagentastyle.ca\/fr_ca\/wp-json\/wp\/v2\/product_brand?post=2210"},{"taxonomy":"product_cat","embeddable":true,"href":"https:\/\/nathaliemagentastyle.ca\/fr_ca\/wp-json\/wp\/v2\/product_cat?post=2210"},{"taxonomy":"product_tag","embeddable":true,"href":"https:\/\/nathaliemagentastyle.ca\/fr_ca\/wp-json\/wp\/v2\/product_tag?post=2210"}],"curies":[{"name":"wp","href":"https:\/\/api.w.org\/{rel}","templated":true}]}}