{"id":2119,"date":"2021-06-13T23:39:00","date_gmt":"2021-06-14T03:39:00","guid":{"rendered":"https:\/\/nathaliemagentastyle.ca\/?post_type=product&#038;p=2119"},"modified":"2021-06-14T08:42:55","modified_gmt":"2021-06-14T12:42:55","slug":"wooden-magnets-aimants-en-bois","status":"publish","type":"product","link":"https:\/\/nathaliemagentastyle.ca\/fr_ca\/produit\/wooden-magnets-aimants-en-bois\/","title":{"rendered":"Wooden magnets \/ Aimants en bois"},"content":{"rendered":"<p><span style=\"color: #9c10ab;\"><em>Small pieces of wood decorated with ink, stamps, colored pencils and lacquered.<\/em><\/span><br \/>\n<span style=\"color: #9c10ab;\"><em>To enhance fridge, metallic file cabinets or notice boards, or any magnetic or metallic surface.<\/em><\/span><br \/>\n<span style=\"color: #9c10ab;\"><em>Measures for each square magnet : 1 \u00bd&#8221; x 1 \u00bd&#8221;<\/em><\/span><br \/>\n<span style=\"color: #9c10ab;\"><em>Measures for each round magnet : diameter 1 \u00bd&#8221;<\/em><\/span><\/p>\n<p><span style=\"color: #20a8a9;\">Petites pi\u00e8ces de bois d\u00e9cor\u00e9es d\u2019encre, d\u2019\u00e9tampes mises en couleur aux crayons et laqu\u00e9es.<\/span><br \/>\n<span style=\"color: #20a8a9;\">Pour \u00e9gailler le frigidaire, vos classeurs au bureau, un tableau d\u2019affichage ou toute autre surface magn\u00e9tique ou m\u00e9tallique.<\/span><br \/>\n<span style=\"color: #20a8a9;\">Mesures de chaque aimant carr\u00e9\u00a0: 1 \u00bd&#8221; x 1 \u00bd&#8221;<\/span><br \/>\n<span style=\"color: #20a8a9;\">Mesures de chaque aimant rond : diam\u00e8tre 1 \u00bd&#8221;<\/span><\/p>","protected":false},"excerpt":{"rendered":"<p><span style=\"color: #9c10ab;\"><em>Set of 4 wooden decorative magnets.<\/em><\/span><br \/>\n<span style=\"color: #20a89a;\">Ensemble de 4 aimants d\u00e9coratifs en bois.<\/span><br \/>\n<strong>NMAB001<\/strong><br \/>\n<span style=\"color: #9c10ab;\"><em><strong>Promo code 956G3MYE<\/strong> if your order is $30 or less, copy this code into your &#8220;shopping cart&#8221; page to pay less on shipping.<\/em><\/span><br \/>\n<span style=\"color: #20a8a9;\"><strong>Code promo 956G3MYE <\/strong>si votre commande est de 30$ ou moins, copiez ce code dans votre page \u00ab\u00a0panier\u00a0\u00bb pour payer moins cher de frais d\u2019envois.<\/span><\/p>","protected":false},"featured_media":2117,"template":"","meta":{"_coblocks_attr":"","_coblocks_dimensions":"","_coblocks_responsive_height":"","_coblocks_accordion_ie_support":"","_kadence_starter_templates_imported_post":false,"_kad_post_transparent":"default","_kad_post_title":"","_kad_post_layout":"default","_kad_post_sidebar_id":"","_kad_post_content_style":"default","_kad_post_vertical_padding":"default","_kad_post_feature":"","_kad_post_feature_position":"","_kad_post_header":false,"_kad_post_footer":false,"_kad_post_classname":""},"product_brand":[],"product_cat":[57,58],"product_tag":[],"class_list":{"0":"post-2119","1":"product","2":"type-product","3":"status-publish","4":"has-post-thumbnail","6":"product_cat-decorative-gifts-and-accessories-cadeaux-et-accessoires-decoratifs","7":"product_cat-wooden-magnets-aimants-en-bois","9":"first","10":"instock","11":"sold-individually","12":"shipping-taxable","13":"purchasable","14":"product-type-simple","15":"entry","16":"content-bg","17":"loop-entry"},"_links":{"self":[{"href":"https:\/\/nathaliemagentastyle.ca\/fr_ca\/wp-json\/wp\/v2\/product\/2119","targetHints":{"allow":["GET"]}}],"collection":[{"href":"https:\/\/nathaliemagentastyle.ca\/fr_ca\/wp-json\/wp\/v2\/product"}],"about":[{"href":"https:\/\/nathaliemagentastyle.ca\/fr_ca\/wp-json\/wp\/v2\/types\/product"}],"wp:featuredmedia":[{"embeddable":true,"href":"https:\/\/nathaliemagentastyle.ca\/fr_ca\/wp-json\/wp\/v2\/media\/2117"}],"wp:attachment":[{"href":"https:\/\/nathaliemagentastyle.ca\/fr_ca\/wp-json\/wp\/v2\/media?parent=2119"}],"wp:term":[{"taxonomy":"product_brand","embeddable":true,"href":"https:\/\/nathaliemagentastyle.ca\/fr_ca\/wp-json\/wp\/v2\/product_brand?post=2119"},{"taxonomy":"product_cat","embeddable":true,"href":"https:\/\/nathaliemagentastyle.ca\/fr_ca\/wp-json\/wp\/v2\/product_cat?post=2119"},{"taxonomy":"product_tag","embeddable":true,"href":"https:\/\/nathaliemagentastyle.ca\/fr_ca\/wp-json\/wp\/v2\/product_tag?post=2119"}],"curies":[{"name":"wp","href":"https:\/\/api.w.org\/{rel}","templated":true}]}}