{"id":2015,"date":"2021-06-13T09:47:02","date_gmt":"2021-06-13T13:47:02","guid":{"rendered":"https:\/\/nathaliemagentastyle.ca\/?post_type=product&#038;p=2015"},"modified":"2021-06-13T09:48:47","modified_gmt":"2021-06-13T13:48:47","slug":"etiquette-cadeau-pour-bouteille-noces-dargent","status":"publish","type":"product","link":"https:\/\/nathaliemagentastyle.ca\/fr_ca\/produit\/etiquette-cadeau-pour-bouteille-noces-dargent\/","title":{"rendered":"\u00c9tiquette-cadeau pour bouteille \/ &#8220;Noces d&#8217;argent&#8221;"},"content":{"rendered":"<p><span style=\"color: #9c10ab;\"><em>Fun cardstock tags decorated with stamps, stencils and various decorative items. <\/em><\/span><br \/>\n<span style=\"color: #9c10ab;\"><em>Some are folded to form a pouch on the back to slide a note, a gift card or money.<\/em><\/span><br \/>\n<span style=\"color: #9c10ab;\"><em>Special orders accepted.<\/em><\/span><br \/>\n<span style=\"color: #9c10ab;\"><em>It may happen that the colors are slightly different from the originals. <\/em><\/span><br \/>\n<span style=\"color: #9c10ab;\"><em>Measures: tag 3&#8243; x 8&#8243; \u2013 diameter of opening 2&#8243;<\/em><\/span><\/p>\n<p><span style=\"color: #20a89a;\">Amusantes \u00e9tiquettes de papier cartonn\u00e9 d\u00e9cor\u00e9es d\u2019\u00e9tampes, pochoirs et divers \u00e9l\u00e9ments d\u00e9coratifs. <\/span><br \/>\n<span style=\"color: #20a89a;\">Certaines sont repli\u00e9es pour former une pochette \u00e0 l\u2019endos permettant de glisser un mot, <\/span><span style=\"color: #20a89a;\">une carte-cadeau ou de l\u2019argent.<\/span><br \/>\n<span style=\"color: #20a89a;\">Commandes sp\u00e9ciales accept\u00e9es.<\/span><br \/>\n<span style=\"color: #20a89a;\">Il peut arriver que les couleurs soient l\u00e9g\u00e8rement diff\u00e9rentes des originaux.<\/span><br \/>\n<span style=\"color: #20a89a;\">Mesures\u00a0: \u00e9tiquette 3&#8243; x 8&#8243; \u2013 diam\u00e8tre d\u2019ouverture 2&#8243;<\/span><\/p>","protected":false},"excerpt":{"rendered":"<p><span style=\"color: #9c10ab;\"><em>Decorated gift tag to offer a nice bottle of wine.<\/em><\/span><br \/>\n<span style=\"color: #20a89a;\">\u00c9tiquette-cadeau d\u00e9corative pour offrir une bonne bouteille de vin.<\/span><br \/>\nTitre: &#8220;25 ans Noces d&#8217;argent Bon anniversaire&#8221; &#8211; sans pochette au dos.<br \/>\n<strong>NMW040<\/strong><br \/>\n<span style=\"color: #9c10ab;\"><strong><em>Promo code 956G3MYE<\/em><\/strong><em>\u00a0if your order is less than $ 30, copy this code into your &#8220;basket&#8221; page to pay less on shipping.<\/em><\/span><br \/>\n<span style=\"color: #20a89a;\"><strong>Code promo 956G3MYE<\/strong>\u00a0si votre commande est de moins de 30$, copiez ce code dans votre page \u00ab\u00a0panier\u00a0\u00bb pour payer moins cher de frais d\u2019envois.<\/span><\/p>","protected":false},"featured_media":1965,"template":"","meta":{"_coblocks_attr":"","_coblocks_dimensions":"","_coblocks_responsive_height":"","_coblocks_accordion_ie_support":"","_kadence_starter_templates_imported_post":false,"_kad_post_transparent":"default","_kad_post_title":"","_kad_post_layout":"default","_kad_post_sidebar_id":"","_kad_post_content_style":"default","_kad_post_vertical_padding":"default","_kad_post_feature":"","_kad_post_feature_position":"","_kad_post_header":false,"_kad_post_footer":false,"_kad_post_classname":""},"product_brand":[],"product_cat":[46,54],"product_tag":[],"class_list":{"0":"post-2015","1":"product","2":"type-product","3":"status-publish","4":"has-post-thumbnail","6":"product_cat-fine-stationery-papeterie-fine","7":"product_cat-gift-tags-for-bottle-etiquettes-pour-bouteilles","9":"first","10":"instock","11":"sold-individually","12":"shipping-taxable","13":"purchasable","14":"product-type-simple","15":"entry","16":"content-bg","17":"loop-entry"},"_links":{"self":[{"href":"https:\/\/nathaliemagentastyle.ca\/fr_ca\/wp-json\/wp\/v2\/product\/2015","targetHints":{"allow":["GET"]}}],"collection":[{"href":"https:\/\/nathaliemagentastyle.ca\/fr_ca\/wp-json\/wp\/v2\/product"}],"about":[{"href":"https:\/\/nathaliemagentastyle.ca\/fr_ca\/wp-json\/wp\/v2\/types\/product"}],"wp:featuredmedia":[{"embeddable":true,"href":"https:\/\/nathaliemagentastyle.ca\/fr_ca\/wp-json\/wp\/v2\/media\/1965"}],"wp:attachment":[{"href":"https:\/\/nathaliemagentastyle.ca\/fr_ca\/wp-json\/wp\/v2\/media?parent=2015"}],"wp:term":[{"taxonomy":"product_brand","embeddable":true,"href":"https:\/\/nathaliemagentastyle.ca\/fr_ca\/wp-json\/wp\/v2\/product_brand?post=2015"},{"taxonomy":"product_cat","embeddable":true,"href":"https:\/\/nathaliemagentastyle.ca\/fr_ca\/wp-json\/wp\/v2\/product_cat?post=2015"},{"taxonomy":"product_tag","embeddable":true,"href":"https:\/\/nathaliemagentastyle.ca\/fr_ca\/wp-json\/wp\/v2\/product_tag?post=2015"}],"curies":[{"name":"wp","href":"https:\/\/api.w.org\/{rel}","templated":true}]}}