{"id":1691,"date":"2021-06-05T21:11:19","date_gmt":"2021-06-06T03:11:19","guid":{"rendered":"https:\/\/nathaliemagentastyle.ca\/?post_type=product&#038;p=1691"},"modified":"2021-06-10T12:09:15","modified_gmt":"2021-06-10T16:09:15","slug":"gift-tags-set-ensemble-detiquettes-cadeau","status":"publish","type":"product","link":"https:\/\/nathaliemagentastyle.ca\/fr_ca\/produit\/gift-tags-set-ensemble-detiquettes-cadeau\/","title":{"rendered":"Gift tags set \/ Ensemble d\u2019\u00e9tiquettes-cadeau"},"content":{"rendered":"<p><em><span style=\"color: #9c10ab;\">Set of 10 gift tags and one greeting card and envelope. <\/span><span style=\"color: #9c10ab;\"><br \/>\nThey are created from a variety of stickers and coloring techniques.<\/span><\/em><br \/>\n<em><span style=\"color: #9c10ab;\">Content:<\/span><\/em><br \/>\n<em><span style=\"color: #9c10ab;\">1 blank greeting card 4&#8243; x 5 \u00bd&#8221; (envelope 4 \u00bc&#8221; x 5 \u00be&#8221;)<\/span><\/em><br \/>\n<em><span style=\"color: #9c10ab;\">3 rectangular labels 2 \u00bc&#8221; x 4&#8243;<\/span><\/em><br \/>\n<em><span style=\"color: #9c10ab;\">4 tags with cord 2 \u00bc&#8221; x 3 \u00bd&#8221; (approx.)<\/span><\/em><br \/>\n<em><span style=\"color: #9c10ab;\">3 tags with cord 2&#8243; x 2 \u00bd&#8221; (approx.)<\/span><\/em><\/p>\n<p><span style=\"color: #20a89a;\">Lot de 10 \u00e9tiquettes-cadeau et une carte de souhaits et enveloppe.<\/span><br \/>\n<span style=\"color: #20a89a;\">Elles sont cr\u00e9\u00e9es \u00e0 partir d\u2019autocollants et de mises en couleur vari\u00e9es.<\/span><br \/>\n<span style=\"color: #20a89a;\">Contenu:<\/span><br \/>\n<span style=\"color: #20a89a;\">1 carte de souhaits sans texte 4&#8243; x 5 \u00bd&#8221; (enveloppe 4 \u00bc&#8221; x 5 \u00be&#8221;)<\/span><br \/>\n<span style=\"color: #20a89a;\">3 \u00e9tiquettes rectangulaires simples 2 \u00bc&#8221; x 4&#8243;<\/span><br \/>\n<span style=\"color: #20a89a;\">4 \u00e9tiquettes avec cordon 2 \u00bc&#8221; x 3 \u00bd&#8221; (approx.)<\/span><br \/>\n<span style=\"color: #20a89a;\">3 \u00e9tiquettes avec cordon 2&#8243; x 2 \u00bd&#8221; (approx.)<\/span><\/p>","protected":false},"excerpt":{"rendered":"<p><span style=\"color: #9c10ab;\"><em>Set of gift tags and card.<\/em><\/span><br \/>\n<span style=\"color: #20a89a;\">Lot d&#8217;\u00e9tiquettes-cadeau et carte.<\/span><br \/>\n<strong>NMTK003<\/strong><br \/>\n<span style=\"color: #9c10ab;\"><strong><em>Promo code 956G3MYE<\/em><\/strong><em>\u00a0if your order is less than $ 30, copy this code into your &#8220;basket&#8221; page to pay less on shipping.<\/em><\/span><br \/>\n<span style=\"color: #20a89a;\"><strong>Code promo 956G3MYE<\/strong>\u00a0si votre commande est de moins de 30$, copiez ce code dans votre page \u00ab\u00a0panier\u00a0\u00bb pour payer moins cher de frais d\u2019envois.<\/span><\/p>","protected":false},"featured_media":1692,"template":"","meta":{"_coblocks_attr":"","_coblocks_dimensions":"","_coblocks_responsive_height":"","_coblocks_accordion_ie_support":"","_kadence_starter_templates_imported_post":false,"_kad_post_transparent":"default","_kad_post_title":"","_kad_post_layout":"default","_kad_post_sidebar_id":"","_kad_post_content_style":"default","_kad_post_vertical_padding":"default","_kad_post_feature":"","_kad_post_feature_position":"","_kad_post_header":false,"_kad_post_footer":false,"_kad_post_classname":""},"product_brand":[],"product_cat":[46,47],"product_tag":[],"class_list":{"0":"post-1691","1":"product","2":"type-product","3":"status-publish","4":"has-post-thumbnail","6":"product_cat-fine-stationery-papeterie-fine","7":"product_cat-tags-etiquettes","9":"first","10":"instock","11":"sold-individually","12":"shipping-taxable","13":"purchasable","14":"product-type-simple","15":"entry","16":"content-bg","17":"loop-entry"},"_links":{"self":[{"href":"https:\/\/nathaliemagentastyle.ca\/fr_ca\/wp-json\/wp\/v2\/product\/1691","targetHints":{"allow":["GET"]}}],"collection":[{"href":"https:\/\/nathaliemagentastyle.ca\/fr_ca\/wp-json\/wp\/v2\/product"}],"about":[{"href":"https:\/\/nathaliemagentastyle.ca\/fr_ca\/wp-json\/wp\/v2\/types\/product"}],"wp:featuredmedia":[{"embeddable":true,"href":"https:\/\/nathaliemagentastyle.ca\/fr_ca\/wp-json\/wp\/v2\/media\/1692"}],"wp:attachment":[{"href":"https:\/\/nathaliemagentastyle.ca\/fr_ca\/wp-json\/wp\/v2\/media?parent=1691"}],"wp:term":[{"taxonomy":"product_brand","embeddable":true,"href":"https:\/\/nathaliemagentastyle.ca\/fr_ca\/wp-json\/wp\/v2\/product_brand?post=1691"},{"taxonomy":"product_cat","embeddable":true,"href":"https:\/\/nathaliemagentastyle.ca\/fr_ca\/wp-json\/wp\/v2\/product_cat?post=1691"},{"taxonomy":"product_tag","embeddable":true,"href":"https:\/\/nathaliemagentastyle.ca\/fr_ca\/wp-json\/wp\/v2\/product_tag?post=1691"}],"curies":[{"name":"wp","href":"https:\/\/api.w.org\/{rel}","templated":true}]}}