{"id":1685,"date":"2021-06-05T21:07:46","date_gmt":"2021-06-06T03:07:46","guid":{"rendered":"https:\/\/nathaliemagentastyle.ca\/?post_type=product&#038;p=1685"},"modified":"2021-06-10T12:07:39","modified_gmt":"2021-06-10T16:07:39","slug":"gift-decoration-decoration-de-cadeau-8","status":"publish","type":"product","link":"https:\/\/nathaliemagentastyle.ca\/fr_ca\/produit\/gift-decoration-decoration-de-cadeau-8\/","title":{"rendered":"Gift decoration \/ D\u00e9coration de cadeau"},"content":{"rendered":"<p><em><span style=\"color: #9c10ab;\">Flower-shaped self-adhesive gift decoration. Simply remove the plastic protector to unveil the glue dot. An easy way to enhance nicely a gift bag or any other gift wrapping.<\/span><\/em><br \/>\n<em><span style=\"color: #9c10ab;\">Measures 4&#8243; x 4&#8243; (approx.)<\/span><\/em><\/p>\n<p><span style=\"color: #20a89a;\">D\u00e9coration de cadeau autocollante en forme de fleur. Simplement retirer le protecteur plastique pour d\u00e9voiler la gommette adh\u00e9sive. Une fa\u00e7on rapide de rehausser joliment un sac ou tout autre emballage cadeau.<\/span><br \/>\n<span style=\"color: #20a89a;\">Mesures: 4&#8243; x 4&#8243; (approx.)<\/span><\/p>","protected":false},"excerpt":{"rendered":"<p><span style=\"color: #9c10ab;\"><em>Self-adhesive gift decoration.<\/em><\/span><br \/>\n<span style=\"color: #20a89a;\">D\u00e9coration de cadeau autocollante.<\/span><br \/>\n<strong>NMGD008<\/strong><br \/>\n<span style=\"color: #9c10ab;\"><strong><em>Promo code 956G3MYE<\/em><\/strong><em>\u00a0if your order is less than $ 30, copy this code into your &#8220;basket&#8221; page to pay less on shipping.<\/em><\/span><br \/>\n<span style=\"color: #20a89a;\"><strong>Code promo 956G3MYE<\/strong>\u00a0si votre commande est de moins de 30$, copiez ce code dans votre page \u00ab\u00a0panier\u00a0\u00bb pour payer moins cher de frais d\u2019envois.<\/span><\/p>","protected":false},"featured_media":1686,"template":"","meta":{"_coblocks_attr":"","_coblocks_dimensions":"","_coblocks_responsive_height":"","_coblocks_accordion_ie_support":"","_kadence_starter_templates_imported_post":false,"_kad_post_transparent":"default","_kad_post_title":"","_kad_post_layout":"default","_kad_post_sidebar_id":"","_kad_post_content_style":"default","_kad_post_vertical_padding":"default","_kad_post_feature":"","_kad_post_feature_position":"","_kad_post_header":false,"_kad_post_footer":false,"_kad_post_classname":""},"product_brand":[],"product_cat":[46,53],"product_tag":[],"class_list":{"0":"post-1685","1":"product","2":"type-product","3":"status-publish","4":"has-post-thumbnail","6":"product_cat-fine-stationery-papeterie-fine","7":"product_cat-gift-decoration-decoration-de-cadeau","9":"first","10":"instock","11":"sold-individually","12":"shipping-taxable","13":"purchasable","14":"product-type-simple","15":"entry","16":"content-bg","17":"loop-entry"},"_links":{"self":[{"href":"https:\/\/nathaliemagentastyle.ca\/fr_ca\/wp-json\/wp\/v2\/product\/1685","targetHints":{"allow":["GET"]}}],"collection":[{"href":"https:\/\/nathaliemagentastyle.ca\/fr_ca\/wp-json\/wp\/v2\/product"}],"about":[{"href":"https:\/\/nathaliemagentastyle.ca\/fr_ca\/wp-json\/wp\/v2\/types\/product"}],"wp:featuredmedia":[{"embeddable":true,"href":"https:\/\/nathaliemagentastyle.ca\/fr_ca\/wp-json\/wp\/v2\/media\/1686"}],"wp:attachment":[{"href":"https:\/\/nathaliemagentastyle.ca\/fr_ca\/wp-json\/wp\/v2\/media?parent=1685"}],"wp:term":[{"taxonomy":"product_brand","embeddable":true,"href":"https:\/\/nathaliemagentastyle.ca\/fr_ca\/wp-json\/wp\/v2\/product_brand?post=1685"},{"taxonomy":"product_cat","embeddable":true,"href":"https:\/\/nathaliemagentastyle.ca\/fr_ca\/wp-json\/wp\/v2\/product_cat?post=1685"},{"taxonomy":"product_tag","embeddable":true,"href":"https:\/\/nathaliemagentastyle.ca\/fr_ca\/wp-json\/wp\/v2\/product_tag?post=1685"}],"curies":[{"name":"wp","href":"https:\/\/api.w.org\/{rel}","templated":true}]}}