{"id":1666,"date":"2021-06-05T16:50:13","date_gmt":"2021-06-05T22:50:13","guid":{"rendered":"https:\/\/nathaliemagentastyle.ca\/?post_type=product&#038;p=1666"},"modified":"2021-06-10T13:31:06","modified_gmt":"2021-06-10T17:31:06","slug":"gift-cards-cartes-cadeaux-12","status":"publish","type":"product","link":"https:\/\/nathaliemagentastyle.ca\/fr_ca\/produit\/gift-cards-cartes-cadeaux-12\/","title":{"rendered":"Gift cards \/ Cartes-cadeaux"},"content":{"rendered":"<p><em><span style=\"color: #9c10ab;\">All cards are unique pieces or are part of small series. Blank inside. White envelope.<\/span><\/em><br \/>\n<em><span style=\"color: #9c10ab;\">Each is signed by hand at the back.<\/span><\/em><br \/>\n<em><span style=\"color: #9c10ab;\">They are created from stamps and stencils, mainly products from the Canadian company Magenta rubberstamps, with a variety of coloring techniques.<\/span><\/em><br \/>\n<em><span style=\"color: #9c10ab;\">All cards being scanned, it may happen that the colors are slightly different from the originals. Also, some cards with more relief may have slight distortion on the scanned image.<\/span><\/em><br \/>\n<em><span style=\"color: #9c10ab;\">Standard rectangular cards measure 2 <sup>7<\/sup>\/<sub>8<\/sub> &#8221; x 4 <sup>1<\/sup>\/<sub>4<\/sub>&#8221; and their envelopes 3&#8243; x 4 <sup>1<\/sup>\/<sub>2<\/sub>&#8220;<\/span><\/em><\/p>\n<p><span style=\"color: #20a89a;\">Toutes les cartes sont des pi\u00e8ces uniques ou font partie de petites s\u00e9ries. Sans texte \u00e0 l&#8217;int\u00e9rieur. Enveloppe blanche.<\/span><br \/>\n<span style=\"color: #20a89a;\">Chacune est sign\u00e9e \u00e0 la main \u00e0 l&#8217;endos.<\/span><br \/>\n<span style=\"color: #20a89a;\">Elles sont cr\u00e9\u00e9es \u00e0 partir d&#8217;\u00e9tampes et de pochoirs, essentiellement des produits de la compagnie canadienne Magenta. Et plusieurs techniques de mise en couleur.<\/span><br \/>\n<span style=\"color: #20a89a;\">Toutes les cartes \u00e9tant scann\u00e9es, il peut arriver que les couleurs soient l\u00e9g\u00e8rement diff\u00e9rentes des originaux. \u00c9galement, certaines cartes ayant plus de relief peuvent pr\u00e9senter une l\u00e9g\u00e8re distorsion sur l\u2019image scann\u00e9e.<\/span><br \/>\n<span style=\"color: #20a89a;\">Les cartes rectangulaires standard mesurent 2 <sup>7<\/sup>\/<sub>8<\/sub> &#8221; x 4 <sup>1<\/sup>\/<sub>4<\/sub>&#8221; et leurs enveloppes 3&#8243; x 4 <sup>1<\/sup>\/<sub>2<\/sub>&#8220;<\/span><\/p>","protected":false},"excerpt":{"rendered":"<p><span style=\"color: #9c10ab;\"><em>Set of 4 small handmade greeting cards. Ideal to accompany a gift.<\/em><\/span><br \/>\n<span style=\"color: #20a89a;\">Ensemble de 4 petites cartes de souhaits faites \u00e0 la main. Id\u00e9ales pour accompagner un cadeau.<\/span><br \/>\n<strong>NMGC4.022<\/strong><br \/>\n<span style=\"color: #9c10ab;\"><strong><em>Promo code 956G3MYE<\/em><\/strong><em>\u00a0if your order is less than $ 30, copy this code into your &#8220;basket&#8221; page to pay less on shipping.<\/em><\/span><br \/>\n<span style=\"color: #20a89a;\"><strong>Code promo 956G3MYE<\/strong>\u00a0si votre commande est de moins de 30$, copiez ce code dans votre page \u00ab\u00a0panier\u00a0\u00bb pour payer moins cher de frais d\u2019envois.<\/span><\/p>","protected":false},"featured_media":1667,"template":"","meta":{"_coblocks_attr":"","_coblocks_dimensions":"","_coblocks_responsive_height":"","_coblocks_accordion_ie_support":"","_kadence_starter_templates_imported_post":false,"_kad_post_transparent":"default","_kad_post_title":"","_kad_post_layout":"default","_kad_post_sidebar_id":"","_kad_post_content_style":"default","_kad_post_vertical_padding":"default","_kad_post_feature":"","_kad_post_feature_position":"","_kad_post_header":false,"_kad_post_footer":false,"_kad_post_classname":""},"product_brand":[],"product_cat":[46,50],"product_tag":[],"class_list":{"0":"post-1666","1":"product","2":"type-product","3":"status-publish","4":"has-post-thumbnail","6":"product_cat-fine-stationery-papeterie-fine","7":"product_cat-gift-cards-cartes-cadeaux","9":"first","10":"instock","11":"sold-individually","12":"shipping-taxable","13":"purchasable","14":"product-type-simple","15":"entry","16":"content-bg","17":"loop-entry"},"_links":{"self":[{"href":"https:\/\/nathaliemagentastyle.ca\/fr_ca\/wp-json\/wp\/v2\/product\/1666","targetHints":{"allow":["GET"]}}],"collection":[{"href":"https:\/\/nathaliemagentastyle.ca\/fr_ca\/wp-json\/wp\/v2\/product"}],"about":[{"href":"https:\/\/nathaliemagentastyle.ca\/fr_ca\/wp-json\/wp\/v2\/types\/product"}],"wp:featuredmedia":[{"embeddable":true,"href":"https:\/\/nathaliemagentastyle.ca\/fr_ca\/wp-json\/wp\/v2\/media\/1667"}],"wp:attachment":[{"href":"https:\/\/nathaliemagentastyle.ca\/fr_ca\/wp-json\/wp\/v2\/media?parent=1666"}],"wp:term":[{"taxonomy":"product_brand","embeddable":true,"href":"https:\/\/nathaliemagentastyle.ca\/fr_ca\/wp-json\/wp\/v2\/product_brand?post=1666"},{"taxonomy":"product_cat","embeddable":true,"href":"https:\/\/nathaliemagentastyle.ca\/fr_ca\/wp-json\/wp\/v2\/product_cat?post=1666"},{"taxonomy":"product_tag","embeddable":true,"href":"https:\/\/nathaliemagentastyle.ca\/fr_ca\/wp-json\/wp\/v2\/product_tag?post=1666"}],"curies":[{"name":"wp","href":"https:\/\/api.w.org\/{rel}","templated":true}]}}