{"id":303,"date":"2021-04-09T17:01:29","date_gmt":"2021-04-09T23:01:29","guid":{"rendered":"https:\/\/nathaliemagentastyle.ca\/?page_id=303"},"modified":"2021-04-09T17:51:10","modified_gmt":"2021-04-09T23:51:10","slug":"about-the-artist","status":"publish","type":"page","link":"https:\/\/nathaliemagentastyle.ca\/fr_ca\/about-the-artist\/","title":{"rendered":"About the artist"},"content":{"rendered":"<p><img decoding=\"async\" width=\"1341\" height=\"84\" src=\"https:\/\/nathaliemagentastyle.ca\/wp-content\/uploads\/2021\/04\/bandeau-pommier-bleu1.2-1536x96.jpg\" alt=\"\" loading=\"lazy\" srcset=\"https:\/\/nathaliemagentastyle.ca\/wp-content\/uploads\/2021\/04\/bandeau-pommier-bleu1.2-1536x96.jpg 1536w, https:\/\/nathaliemagentastyle.ca\/wp-content\/uploads\/2021\/04\/bandeau-pommier-bleu1.2-300x19.jpg 300w, https:\/\/nathaliemagentastyle.ca\/wp-content\/uploads\/2021\/04\/bandeau-pommier-bleu1.2-1024x64.jpg 1024w, https:\/\/nathaliemagentastyle.ca\/wp-content\/uploads\/2021\/04\/bandeau-pommier-bleu1.2-768x48.jpg 768w, https:\/\/nathaliemagentastyle.ca\/wp-content\/uploads\/2021\/04\/bandeau-pommier-bleu1.2-2048x128.jpg 2048w\" sizes=\"auto, (max-width: 1341px) 100vw, 1341px\" \/>\t\t\t\t\t\t\t\t\t\t\t<\/p>\n<h2>About the artist<\/h2>\n<p>\t\tNathalie M\u00e9tivier started in her childhood to draw and exhibit her work. With her sister H\u00e9l\u00e8ne and Daniel, her brother-in-law, she helped, in 1992, to create Magenta Rubber Stamps. One of her many tasks was to be part of the creative team. She drew many of the images as well as she invented the &#8220;direct-to-paper&#8221; and the \u201cGhost\u201d coloring techniques. She appears several times on the Carol Duvall Show, a famous American craft TV show, as well as on Magenta&#8217;s own videos. She is co-author with Leslie Conron Carola of the books Magenta Style Paper Magic and Magenta Style Paper Enchantments. As she likes to share ideas and techniques with others, she is teaching Cardmaking and Mixed Media techniques. Lately she came back to her first love: making her own cards and selling them.<br \/>\n\t\t\t\t\t\t\t\t\t\t<img decoding=\"async\" width=\"768\" height=\"576\" src=\"https:\/\/nathaliemagentastyle.ca\/wp-content\/uploads\/2021\/04\/photo-nat-fleurs1-768x576.jpg\" alt=\"\" loading=\"lazy\" srcset=\"https:\/\/nathaliemagentastyle.ca\/wp-content\/uploads\/2021\/04\/photo-nat-fleurs1-768x576.jpg 768w, https:\/\/nathaliemagentastyle.ca\/wp-content\/uploads\/2021\/04\/photo-nat-fleurs1-300x225.jpg 300w, https:\/\/nathaliemagentastyle.ca\/wp-content\/uploads\/2021\/04\/photo-nat-fleurs1-1024x768.jpg 1024w, https:\/\/nathaliemagentastyle.ca\/wp-content\/uploads\/2021\/04\/photo-nat-fleurs1-1536x1152.jpg 1536w, https:\/\/nathaliemagentastyle.ca\/wp-content\/uploads\/2021\/04\/photo-nat-fleurs1-2048x1536.jpg 2048w\" sizes=\"auto, (max-width: 768px) 100vw, 768px\" \/>\t\t\t\t\t\t\t\t\t\t\t<\/p>\n<h2>\u00c0 propos de l&#8217;artiste<\/h2>\n<p>\t\tNathalie M\u00e9tivier a commenc\u00e9 toute jeune \u00e0 dessiner et \u00e0 vendre ses cr\u00e9ations. Sa premi\u00e8re exposition, l\u2019Expo-Vente de Boucherville, elle la fit \u00e0 quatorze ans. En 1992, avec sa soeur H\u00e9l\u00e8ne et Daniel, son beau-fr\u00e8re, elle a particip\u00e9 \u00e0 la cr\u00e9ation de la compagnie de loisirs cr\u00e9atifs Magenta. Parmi ses nombreuses t\u00e2ches, elle a \u00e9t\u00e9 un membre actif de l\u2019\u00e9quipe cr\u00e9ative. Elle a dessin\u00e9 entre autres de nombreux mod\u00e8les d\u2019\u00e9tampes. Elle a invent\u00e9 des techniques de mise en couleur toujours utilis\u00e9es, tels le \u201cdirect-au-papier\u201d et la technique \u201cfant\u00f4me\u201d. Elle est apparue plusieurs fois \u00e0 la t\u00e9l\u00e9 am\u00e9ricaine dans le \u201cCarol Duvall Show\u201d et dans les vid\u00e9os et dvd de Magenta. Elle est coauteure avec son amie Leslie Conron Carola des livres Magenta Style Paper Magic and Magenta Style Paper Enchantments. Elle aime par-dessus tout partager ses connaissance et elle enseigne toujours l\u2019art de cr\u00e9er des cartes de souhait et les techniques du Mixed Media. Elle est r\u00e9cemment revenue \u00e0 sa premi\u00e8re passion: cr\u00e9er ses propres cartes et les vendre.<\/p>","protected":false},"excerpt":{"rendered":"<p>About the artist Nathalie M\u00e9tivier started in her childhood to draw and exhibit her work. With her sister H\u00e9l\u00e8ne and Daniel, her brother-in-law, she helped, in 1992, to create Magenta Rubber Stamps. One of her many tasks was to be part of the creative team. She drew many of the images as well as she&#8230;<\/p>","protected":false},"author":1,"featured_media":0,"parent":0,"menu_order":0,"comment_status":"closed","ping_status":"closed","template":"","meta":{"_coblocks_attr":"","_coblocks_dimensions":"","_coblocks_responsive_height":"","_coblocks_accordion_ie_support":"","_kadence_starter_templates_imported_post":false,"_kad_post_transparent":"","_kad_post_title":"hide","_kad_post_layout":"fullwidth","_kad_post_sidebar_id":"","_kad_post_content_style":"unboxed","_kad_post_vertical_padding":"hide","_kad_post_feature":"hide","_kad_post_feature_position":"","_kad_post_header":false,"_kad_post_footer":false,"_kad_post_classname":"","footnotes":""},"class_list":["post-303","page","type-page","status-publish","hentry"],"_links":{"self":[{"href":"https:\/\/nathaliemagentastyle.ca\/fr_ca\/wp-json\/wp\/v2\/pages\/303","targetHints":{"allow":["GET"]}}],"collection":[{"href":"https:\/\/nathaliemagentastyle.ca\/fr_ca\/wp-json\/wp\/v2\/pages"}],"about":[{"href":"https:\/\/nathaliemagentastyle.ca\/fr_ca\/wp-json\/wp\/v2\/types\/page"}],"author":[{"embeddable":true,"href":"https:\/\/nathaliemagentastyle.ca\/fr_ca\/wp-json\/wp\/v2\/users\/1"}],"replies":[{"embeddable":true,"href":"https:\/\/nathaliemagentastyle.ca\/fr_ca\/wp-json\/wp\/v2\/comments?post=303"}],"version-history":[{"count":19,"href":"https:\/\/nathaliemagentastyle.ca\/fr_ca\/wp-json\/wp\/v2\/pages\/303\/revisions"}],"predecessor-version":[{"id":342,"href":"https:\/\/nathaliemagentastyle.ca\/fr_ca\/wp-json\/wp\/v2\/pages\/303\/revisions\/342"}],"wp:attachment":[{"href":"https:\/\/nathaliemagentastyle.ca\/fr_ca\/wp-json\/wp\/v2\/media?parent=303"}],"curies":[{"name":"wp","href":"https:\/\/api.w.org\/{rel}","templated":true}]}}